{"id":19489,"date":"2025-09-11T13:58:00","date_gmt":"2025-09-11T13:58:00","guid":{"rendered":"https:\/\/interoffice.al\/?post_type=product&#038;p=19489"},"modified":"2025-09-11T14:04:28","modified_gmt":"2025-09-11T14:04:28","slug":"tavoline-elektrike","status":"publish","type":"product","link":"https:\/\/interoffice.al\/en\/product\/tavoline-elektrike\/","title":{"rendered":"Electric table"},"content":{"rendered":"<p data-start=\"67\" data-end=\"468\">Kjo tavolin\u00eb smart kombinon design modern me funksionalitet maksimal. Pjesa e sip\u00ebrme \u00ebsht\u00eb prej laminuar (laminated chipboard), nd\u00ebrsa korniza prej \u00e7eliku i veshur me pluhur siguron q\u00ebndrueshm\u00ebri dhe stabilitet. Tavolina n\u00eb ngjyr\u00eb t\u00eb zez\u00eb ka dimensione 120 \u00d7 60 cm dhe mund t\u00eb rregullohet n\u00eb lart\u00ebsi nga 75 deri n\u00eb 120 cm ideale p\u00ebr p\u00ebrdorim si ulur apo n\u00eb k\u00ebmb\u00eb, sipas preferenc\u00ebs tuaj. Fal\u00eb mekanizmit t\u00eb rregullimit elektrik t\u00eb lart\u00ebsis\u00eb, ju mund t\u00eb p\u00ebrshtatni pozicionin me leht\u00ebsi, duke p\u00ebrmir\u00ebsuar ergonomin\u00eb gjat\u00eb or\u00ebve t\u00eb pun\u00ebs. Dizajni minimalist i zi i jep nj\u00eb pamje elegante dhe profesionale, duke u b\u00ebr\u00eb zgjedhje perfekte p\u00ebr zyr\u00eb moderne apo p\u00ebr p\u00ebrdorim n\u00eb sht\u00ebpi.<\/p>","protected":false},"excerpt":{"rendered":"<p>Kjo tavolin\u00eb smart kombinon design modern me funksionalitet maksimal. Pjesa e sip\u00ebrme \u00ebsht\u00eb prej laminuar (laminated chipboard), nd\u00ebrsa korniza prej<\/p>","protected":false},"featured_media":19490,"comment_status":"closed","ping_status":"closed","template":"","meta":{"_seopress_robots_primary_cat":"none","_seopress_titles_title":"","_seopress_titles_desc":"Tavoline elektrike Handle","_seopress_robots_index":""},"product_brand":[],"product_cat":[132,32],"product_tag":[],"class_list":{"0":"post-19489","1":"product","2":"type-product","3":"status-publish","4":"has-post-thumbnail","6":"product_cat-operative","7":"product_cat-tables","9":"first","10":"instock","11":"shipping-taxable","12":"product-type-simple"},"_links":{"self":[{"href":"https:\/\/interoffice.al\/en\/wp-json\/wp\/v2\/product\/19489","targetHints":{"allow":["GET"]}}],"collection":[{"href":"https:\/\/interoffice.al\/en\/wp-json\/wp\/v2\/product"}],"about":[{"href":"https:\/\/interoffice.al\/en\/wp-json\/wp\/v2\/types\/product"}],"replies":[{"embeddable":true,"href":"https:\/\/interoffice.al\/en\/wp-json\/wp\/v2\/comments?post=19489"}],"version-history":[{"count":2,"href":"https:\/\/interoffice.al\/en\/wp-json\/wp\/v2\/product\/19489\/revisions"}],"predecessor-version":[{"id":19498,"href":"https:\/\/interoffice.al\/en\/wp-json\/wp\/v2\/product\/19489\/revisions\/19498"}],"wp:featuredmedia":[{"embeddable":true,"href":"https:\/\/interoffice.al\/en\/wp-json\/wp\/v2\/media\/19490"}],"wp:attachment":[{"href":"https:\/\/interoffice.al\/en\/wp-json\/wp\/v2\/media?parent=19489"}],"wp:term":[{"taxonomy":"product_brand","embeddable":true,"href":"https:\/\/interoffice.al\/en\/wp-json\/wp\/v2\/product_brand?post=19489"},{"taxonomy":"product_cat","embeddable":true,"href":"https:\/\/interoffice.al\/en\/wp-json\/wp\/v2\/product_cat?post=19489"},{"taxonomy":"product_tag","embeddable":true,"href":"https:\/\/interoffice.al\/en\/wp-json\/wp\/v2\/product_tag?post=19489"}],"curies":[{"name":"wp","href":"https:\/\/api.w.org\/{rel}","templated":true}]}}