{"id":19480,"date":"2025-09-11T13:44:41","date_gmt":"2025-09-11T13:44:41","guid":{"rendered":"https:\/\/interoffice.al\/?post_type=product&#038;p=19480"},"modified":"2025-09-11T13:55:55","modified_gmt":"2025-09-11T13:55:55","slug":"tavoline-elektrike-smart","status":"publish","type":"product","link":"https:\/\/interoffice.al\/en\/product\/tavoline-elektrike-smart\/","title":{"rendered":"Smart electric table"},"content":{"rendered":"<p>The smart desk is the ideal solution for a modern and functional workspace. Built with elegant glass and a powder-coated steel frame, it offers a perfect combination of durability and minimal style. Thanks to the electric mechanism, its height can be easily adjusted from 77 to 120 cm, giving you the opportunity to work both sitting and standing, ergonomically and comfortably. The integrated technology makes this desk even more special: touch screen control, wireless charging for your devices and a USB port ensure a smart and practical working experience. The sophisticated black color gives a luxurious touch to any environment, turning the B52 not just into a desk, but into an investment in productivity and style.<\/p>","protected":false},"excerpt":{"rendered":"<p>Tavolina smart \u00ebsht\u00eb zgjidhja ideale p\u00ebr nj\u00eb hap\u00ebsir\u00eb pune moderne dhe funksionale. E nd\u00ebrtuar me xham elegant dhe korniz\u00eb \u00e7eliku<\/p>","protected":false},"featured_media":19481,"comment_status":"closed","ping_status":"closed","template":"","meta":{"_seopress_robots_primary_cat":"none","_seopress_titles_title":"","_seopress_titles_desc":"Tavoline elektrike Handle","_seopress_robots_index":""},"product_brand":[],"product_cat":[132,32],"product_tag":[],"class_list":{"0":"post-19480","1":"product","2":"type-product","3":"status-publish","4":"has-post-thumbnail","6":"product_cat-operative","7":"product_cat-tables","9":"first","10":"instock","11":"shipping-taxable","12":"product-type-simple"},"_links":{"self":[{"href":"https:\/\/interoffice.al\/en\/wp-json\/wp\/v2\/product\/19480","targetHints":{"allow":["GET"]}}],"collection":[{"href":"https:\/\/interoffice.al\/en\/wp-json\/wp\/v2\/product"}],"about":[{"href":"https:\/\/interoffice.al\/en\/wp-json\/wp\/v2\/types\/product"}],"replies":[{"embeddable":true,"href":"https:\/\/interoffice.al\/en\/wp-json\/wp\/v2\/comments?post=19480"}],"version-history":[{"count":1,"href":"https:\/\/interoffice.al\/en\/wp-json\/wp\/v2\/product\/19480\/revisions"}],"predecessor-version":[{"id":19488,"href":"https:\/\/interoffice.al\/en\/wp-json\/wp\/v2\/product\/19480\/revisions\/19488"}],"wp:featuredmedia":[{"embeddable":true,"href":"https:\/\/interoffice.al\/en\/wp-json\/wp\/v2\/media\/19481"}],"wp:attachment":[{"href":"https:\/\/interoffice.al\/en\/wp-json\/wp\/v2\/media?parent=19480"}],"wp:term":[{"taxonomy":"product_brand","embeddable":true,"href":"https:\/\/interoffice.al\/en\/wp-json\/wp\/v2\/product_brand?post=19480"},{"taxonomy":"product_cat","embeddable":true,"href":"https:\/\/interoffice.al\/en\/wp-json\/wp\/v2\/product_cat?post=19480"},{"taxonomy":"product_tag","embeddable":true,"href":"https:\/\/interoffice.al\/en\/wp-json\/wp\/v2\/product_tag?post=19480"}],"curies":[{"name":"wp","href":"https:\/\/api.w.org\/{rel}","templated":true}]}}