{"id":19405,"date":"2025-07-01T12:54:47","date_gmt":"2025-07-01T12:54:47","guid":{"rendered":"https:\/\/interoffice.al\/?post_type=product&#038;p=19405"},"modified":"2025-07-18T08:01:35","modified_gmt":"2025-07-18T08:01:35","slug":"tub-individual-kabllor-copy","status":"publish","type":"product","link":"https:\/\/interoffice.al\/en\/product\/tub-individual-kabllor-copy\/","title":{"rendered":"Horizontal traverse for cable routing"},"content":{"rendered":"<p>This metal support is designed to be securely and stably fixed, with dimensions of 1000 x 126 x 123 mm and a metal thickness of 1.2 mm, which guarantees strength and resistance during use. It is installed using 4 fixing points, while the screws included in the package facilitate installation. The product comes with a 5-year warranty, ensuring high quality and durability. It is available in modern colors such as aluminum, black, white and anthracite (on request), to match any office design. The package includes a compact box with dimensions of 103 x 16.5 x 12 cm and a weight of 0.3 kg, which guarantees easy transport and assembly.<\/p>","protected":false},"excerpt":{"rendered":"<p>Ky mb\u00ebshtet\u00ebs metalik \u00ebsht\u00eb projektuar p\u00ebr t\u2019u fiksuar n\u00eb m\u00ebnyr\u00eb t\u00eb sigurt dhe t\u00eb q\u00ebndrueshme, me dimensione prej 1000 x<\/p>","protected":false},"featured_media":19457,"comment_status":"closed","ping_status":"closed","template":"","meta":{"_seopress_robots_primary_cat":"none","_seopress_titles_title":"","_seopress_titles_desc":"","_seopress_robots_index":""},"product_brand":[],"product_cat":[29,148],"product_tag":[],"class_list":{"0":"post-19405","1":"product","2":"type-product","3":"status-publish","4":"has-post-thumbnail","6":"product_cat-office-accessories","7":"product_cat-cable","9":"first","10":"instock","11":"shipping-taxable","12":"product-type-simple"},"_links":{"self":[{"href":"https:\/\/interoffice.al\/en\/wp-json\/wp\/v2\/product\/19405","targetHints":{"allow":["GET"]}}],"collection":[{"href":"https:\/\/interoffice.al\/en\/wp-json\/wp\/v2\/product"}],"about":[{"href":"https:\/\/interoffice.al\/en\/wp-json\/wp\/v2\/types\/product"}],"replies":[{"embeddable":true,"href":"https:\/\/interoffice.al\/en\/wp-json\/wp\/v2\/comments?post=19405"}],"version-history":[{"count":2,"href":"https:\/\/interoffice.al\/en\/wp-json\/wp\/v2\/product\/19405\/revisions"}],"predecessor-version":[{"id":19459,"href":"https:\/\/interoffice.al\/en\/wp-json\/wp\/v2\/product\/19405\/revisions\/19459"}],"wp:featuredmedia":[{"embeddable":true,"href":"https:\/\/interoffice.al\/en\/wp-json\/wp\/v2\/media\/19457"}],"wp:attachment":[{"href":"https:\/\/interoffice.al\/en\/wp-json\/wp\/v2\/media?parent=19405"}],"wp:term":[{"taxonomy":"product_brand","embeddable":true,"href":"https:\/\/interoffice.al\/en\/wp-json\/wp\/v2\/product_brand?post=19405"},{"taxonomy":"product_cat","embeddable":true,"href":"https:\/\/interoffice.al\/en\/wp-json\/wp\/v2\/product_cat?post=19405"},{"taxonomy":"product_tag","embeddable":true,"href":"https:\/\/interoffice.al\/en\/wp-json\/wp\/v2\/product_tag?post=19405"}],"curies":[{"name":"wp","href":"https:\/\/api.w.org\/{rel}","templated":true}]}}