{"id":19400,"date":"2025-07-01T12:49:44","date_gmt":"2025-07-01T12:49:44","guid":{"rendered":"https:\/\/interoffice.al\/?post_type=product&#038;p=19400"},"modified":"2025-07-18T07:57:53","modified_gmt":"2025-07-18T07:57:53","slug":"tub-individual-kabllor","status":"publish","type":"product","link":"https:\/\/interoffice.al\/en\/product\/tub-individual-kabllor\/","title":{"rendered":"Individual cable duct"},"content":{"rendered":"<p>This accessory is designed for individual desks with a lower\/higher function, offering perfect convenience and organization for the workspace. With a size of 68 x 36 mm and a total length of 1325 mm, it is ideally suited for managing cables and other elements under the desk. The product is accompanied by a 2-year warranty, ensuring quality and durability. It is available in elegant colors such as aluminum, black, white and anthracite (on request), to combine with any office design. The package comes in a compact box with dimensions of 34 x 26 x 13 cm and a weight of 2 kg, ensuring easy transport and installation.<\/p>","protected":false},"excerpt":{"rendered":"<p>Ky aksesor \u00ebsht\u00eb i projektuar p\u00ebr tavolina individuale me funksion ulje\/ngritje, duke ofruar komoditet dhe organizim t\u00eb p\u00ebrsosur p\u00ebr hap\u00ebsir\u00ebn<\/p>","protected":false},"featured_media":19454,"comment_status":"closed","ping_status":"closed","template":"","meta":{"_seopress_robots_primary_cat":"none","_seopress_titles_title":"","_seopress_titles_desc":"","_seopress_robots_index":""},"product_brand":[],"product_cat":[29,148],"product_tag":[],"class_list":{"0":"post-19400","1":"product","2":"type-product","3":"status-publish","4":"has-post-thumbnail","6":"product_cat-office-accessories","7":"product_cat-cable","9":"first","10":"instock","11":"shipping-taxable","12":"product-type-simple"},"_links":{"self":[{"href":"https:\/\/interoffice.al\/en\/wp-json\/wp\/v2\/product\/19400","targetHints":{"allow":["GET"]}}],"collection":[{"href":"https:\/\/interoffice.al\/en\/wp-json\/wp\/v2\/product"}],"about":[{"href":"https:\/\/interoffice.al\/en\/wp-json\/wp\/v2\/types\/product"}],"replies":[{"embeddable":true,"href":"https:\/\/interoffice.al\/en\/wp-json\/wp\/v2\/comments?post=19400"}],"version-history":[{"count":2,"href":"https:\/\/interoffice.al\/en\/wp-json\/wp\/v2\/product\/19400\/revisions"}],"predecessor-version":[{"id":19455,"href":"https:\/\/interoffice.al\/en\/wp-json\/wp\/v2\/product\/19400\/revisions\/19455"}],"wp:featuredmedia":[{"embeddable":true,"href":"https:\/\/interoffice.al\/en\/wp-json\/wp\/v2\/media\/19454"}],"wp:attachment":[{"href":"https:\/\/interoffice.al\/en\/wp-json\/wp\/v2\/media?parent=19400"}],"wp:term":[{"taxonomy":"product_brand","embeddable":true,"href":"https:\/\/interoffice.al\/en\/wp-json\/wp\/v2\/product_brand?post=19400"},{"taxonomy":"product_cat","embeddable":true,"href":"https:\/\/interoffice.al\/en\/wp-json\/wp\/v2\/product_cat?post=19400"},{"taxonomy":"product_tag","embeddable":true,"href":"https:\/\/interoffice.al\/en\/wp-json\/wp\/v2\/product_tag?post=19400"}],"curies":[{"name":"wp","href":"https:\/\/api.w.org\/{rel}","templated":true}]}}