{"id":19384,"date":"2025-07-01T12:05:50","date_gmt":"2025-07-01T12:05:50","guid":{"rendered":"https:\/\/interoffice.al\/?post_type=product&#038;p=19384"},"modified":"2025-07-18T07:35:48","modified_gmt":"2025-07-18T07:35:48","slug":"sirtariere-copy","status":"publish","type":"product","link":"https:\/\/interoffice.al\/en\/product\/sirtariere-copy\/","title":{"rendered":"Personal drawer"},"content":{"rendered":"<p>This practical drawer is designed to provide maximum organization and security in your workspace. With compact dimensions of 30 x 39 x 9 cm, it fits easily under the desk without taking up much space. The drawer includes a functional tray for pens and small accessories, as well as a lock with 2 keys for protecting documents or personal items. The product is offered with a 2-year warranty and comes in elegant colors such as aluminum, black, white and anthracite (on request), to harmonize with any office environment. The package contains a box measuring 41 x 32 x 12 cm and weighing 3.9 kg, making transportation and installation simple and efficient.<\/p>","protected":false},"excerpt":{"rendered":"<p>Ky sirtar praktik \u00ebsht\u00eb projektuar p\u00ebr t\u00eb ofruar organizim dhe siguri maksimale n\u00eb hap\u00ebsir\u00ebn tuaj t\u00eb pun\u00ebs. Me dimensione kompakte<\/p>","protected":false},"featured_media":19426,"comment_status":"closed","ping_status":"closed","template":"","meta":{"_seopress_robots_primary_cat":"none","_seopress_titles_title":"","_seopress_titles_desc":"","_seopress_robots_index":""},"product_brand":[],"product_cat":[143,124],"product_tag":[],"class_list":{"0":"post-19384","1":"product","2":"type-product","3":"status-publish","4":"has-post-thumbnail","6":"product_cat-mobilje-te-vogla","7":"product_cat-sirtariera","9":"first","10":"instock","11":"shipping-taxable","12":"product-type-simple"},"_links":{"self":[{"href":"https:\/\/interoffice.al\/en\/wp-json\/wp\/v2\/product\/19384","targetHints":{"allow":["GET"]}}],"collection":[{"href":"https:\/\/interoffice.al\/en\/wp-json\/wp\/v2\/product"}],"about":[{"href":"https:\/\/interoffice.al\/en\/wp-json\/wp\/v2\/types\/product"}],"replies":[{"embeddable":true,"href":"https:\/\/interoffice.al\/en\/wp-json\/wp\/v2\/comments?post=19384"}],"version-history":[{"count":2,"href":"https:\/\/interoffice.al\/en\/wp-json\/wp\/v2\/product\/19384\/revisions"}],"predecessor-version":[{"id":19427,"href":"https:\/\/interoffice.al\/en\/wp-json\/wp\/v2\/product\/19384\/revisions\/19427"}],"wp:featuredmedia":[{"embeddable":true,"href":"https:\/\/interoffice.al\/en\/wp-json\/wp\/v2\/media\/19426"}],"wp:attachment":[{"href":"https:\/\/interoffice.al\/en\/wp-json\/wp\/v2\/media?parent=19384"}],"wp:term":[{"taxonomy":"product_brand","embeddable":true,"href":"https:\/\/interoffice.al\/en\/wp-json\/wp\/v2\/product_brand?post=19384"},{"taxonomy":"product_cat","embeddable":true,"href":"https:\/\/interoffice.al\/en\/wp-json\/wp\/v2\/product_cat?post=19384"},{"taxonomy":"product_tag","embeddable":true,"href":"https:\/\/interoffice.al\/en\/wp-json\/wp\/v2\/product_tag?post=19384"}],"curies":[{"name":"wp","href":"https:\/\/api.w.org\/{rel}","templated":true}]}}