{"id":19377,"date":"2025-06-30T15:56:23","date_gmt":"2025-06-30T15:56:23","guid":{"rendered":"https:\/\/interoffice.al\/?post_type=product&#038;p=19377"},"modified":"2025-07-18T08:30:49","modified_gmt":"2025-07-18T08:30:49","slug":"mbajtese-pc-copy-copy-copy","status":"publish","type":"product","link":"https:\/\/interoffice.al\/en\/product\/mbajtese-pc-copy-copy-copy\/","title":{"rendered":"VESA dual monitor mount"},"content":{"rendered":"<article class=\"text-token-text-primary w-full\" dir=\"auto\" data-testid=\"conversation-turn-32\" data-scroll-anchor=\"true\">\n<div class=\"text-base my-auto mx-auto pb-10 [--thread-content-margin:--spacing(4)] @[37rem]:[--thread-content-margin:--spacing(6)] @[72rem]:[--thread-content-margin:--spacing(16)] px-(--thread-content-margin)\">\n<div class=\"[--thread-content-max-width:32rem] @[34rem]:[--thread-content-max-width:40rem] @[64rem]:[--thread-content-max-width:48rem] mx-auto flex max-w-(--thread-content-max-width) flex-1 text-base gap-4 md:gap-5 lg:gap-6 group\/turn-messages focus-visible:outline-hidden\" tabindex=\"-1\">\n<div class=\"group\/conversation-turn relative flex w-full min-w-0 flex-col agent-turn\">\n<div class=\"relative flex-col gap-1 md:gap-3\">\n<div class=\"flex max-w-full flex-col grow\">\n<div class=\"min-h-8 text-message relative flex w-full flex-col items-end gap-2 text-start break-words whitespace-normal [.text-message+&amp;]:mt-5\" dir=\"auto\" data-message-author-role=\"assistant\" data-message-id=\"5cbe47fb-b95a-40ad-b883-8df7833b633c\" data-message-model-slug=\"gpt-4o\">\n<div class=\"flex w-full flex-col gap-1 empty:hidden first:pt-[3px]\">\n<div class=\"markdown prose dark:prose-invert w-full break-words dark\">\n<p data-start=\"0\" data-end=\"633\" data-is-last-node=\"\" data-is-only-node=\"\">This monitor stand is designed for screens up to 27 inches, with a maximum weight capacity of 15 kg, ensuring stability and safety. It offers a height adjustment range of up to 18 cm, which helps to place the monitor at the optimal level for ergonomic posture and reduced neck fatigue. The product is accompanied by a 2-year warranty and is available in elegant colors such as aluminum, black, white and anthracite (on request), to easily adapt to any work environment. The package contains a box with dimensions of 91 x 19 x 11 cm and a weight of 2.6 kg, making transportation and installation simple and practical.<\/p>\n<\/div>\n<\/div>\n<\/div>\n<\/div>\n<\/div>\n<\/div>\n<\/div>\n<\/div>\n<\/article>\n<div class=\"pointer-events-none h-px w-px\" aria-hidden=\"true\" data-edge=\"true\"><\/div>","protected":false},"excerpt":{"rendered":"<p>Ky mbajt\u00ebs monitori \u00ebsht\u00eb projektuar p\u00ebr ekrane deri n\u00eb 27 in\u00e7, me nj\u00eb kapacitet pesh\u00eb maksimal prej 15 kg, duke<\/p>","protected":false},"featured_media":19472,"comment_status":"closed","ping_status":"closed","template":"","meta":{"_seopress_robots_primary_cat":"none","_seopress_titles_title":"","_seopress_titles_desc":"","_seopress_robots_index":""},"product_brand":[],"product_cat":[29,145],"product_tag":[],"class_list":{"0":"post-19377","1":"product","2":"type-product","3":"status-publish","4":"has-post-thumbnail","6":"product_cat-office-accessories","7":"product_cat-mbajtese-monitori","9":"first","10":"instock","11":"shipping-taxable","12":"product-type-simple"},"_links":{"self":[{"href":"https:\/\/interoffice.al\/en\/wp-json\/wp\/v2\/product\/19377","targetHints":{"allow":["GET"]}}],"collection":[{"href":"https:\/\/interoffice.al\/en\/wp-json\/wp\/v2\/product"}],"about":[{"href":"https:\/\/interoffice.al\/en\/wp-json\/wp\/v2\/types\/product"}],"replies":[{"embeddable":true,"href":"https:\/\/interoffice.al\/en\/wp-json\/wp\/v2\/comments?post=19377"}],"version-history":[{"count":3,"href":"https:\/\/interoffice.al\/en\/wp-json\/wp\/v2\/product\/19377\/revisions"}],"predecessor-version":[{"id":19474,"href":"https:\/\/interoffice.al\/en\/wp-json\/wp\/v2\/product\/19377\/revisions\/19474"}],"wp:featuredmedia":[{"embeddable":true,"href":"https:\/\/interoffice.al\/en\/wp-json\/wp\/v2\/media\/19472"}],"wp:attachment":[{"href":"https:\/\/interoffice.al\/en\/wp-json\/wp\/v2\/media?parent=19377"}],"wp:term":[{"taxonomy":"product_brand","embeddable":true,"href":"https:\/\/interoffice.al\/en\/wp-json\/wp\/v2\/product_brand?post=19377"},{"taxonomy":"product_cat","embeddable":true,"href":"https:\/\/interoffice.al\/en\/wp-json\/wp\/v2\/product_cat?post=19377"},{"taxonomy":"product_tag","embeddable":true,"href":"https:\/\/interoffice.al\/en\/wp-json\/wp\/v2\/product_tag?post=19377"}],"curies":[{"name":"wp","href":"https:\/\/api.w.org\/{rel}","templated":true}]}}