{"id":19372,"date":"2025-06-30T15:45:32","date_gmt":"2025-06-30T15:45:32","guid":{"rendered":"https:\/\/interoffice.al\/?post_type=product&#038;p=19372"},"modified":"2025-07-18T08:14:10","modified_gmt":"2025-07-18T08:14:10","slug":"mbajtese-pc-copy-copy","status":"publish","type":"product","link":"https:\/\/interoffice.al\/en\/product\/mbajtese-pc-copy-copy\/","title":{"rendered":"VESA monitor holder"},"content":{"rendered":"<article class=\"text-token-text-primary w-full\" dir=\"auto\" data-testid=\"conversation-turn-30\" data-scroll-anchor=\"true\">\n<div class=\"text-base my-auto mx-auto pb-10 [--thread-content-margin:--spacing(4)] @[37rem]:[--thread-content-margin:--spacing(6)] @[72rem]:[--thread-content-margin:--spacing(16)] px-(--thread-content-margin)\">\n<div class=\"[--thread-content-max-width:32rem] @[34rem]:[--thread-content-max-width:40rem] @[64rem]:[--thread-content-max-width:48rem] mx-auto flex max-w-(--thread-content-max-width) flex-1 text-base gap-4 md:gap-5 lg:gap-6 group\/turn-messages focus-visible:outline-hidden\" tabindex=\"-1\">\n<div class=\"group\/conversation-turn relative flex w-full min-w-0 flex-col agent-turn\">\n<div class=\"relative flex-col gap-1 md:gap-3\">\n<div class=\"flex max-w-full flex-col grow\">\n<div class=\"min-h-8 text-message relative flex w-full flex-col items-end gap-2 text-start break-words whitespace-normal [.text-message+&amp;]:mt-5\" dir=\"auto\" data-message-author-role=\"assistant\" data-message-id=\"1dac3e5b-975f-490f-9403-f2eb1b094723\" data-message-model-slug=\"gpt-4-1-mini\">\n<div class=\"flex w-full flex-col gap-1 empty:hidden first:pt-[3px]\">\n<div class=\"markdown prose dark:prose-invert w-full break-words dark\">\n<p data-start=\"0\" data-end=\"622\" data-is-last-node=\"\" data-is-only-node=\"\">This monitor stand is designed for monitors up to 32 inches with a maximum weight capacity of 15 kg, providing stability and safety during use. It has a height adjustment range of 18 cm for each arm, which allows easy adjustment for optimal ergonomics. The product comes with a 2-year warranty, ensuring quality and durability in use. It is available in different colors such as aluminum, black, white and anthracite (on request), to suit any office environment. The package includes a box with dimensions of 63 x 19 x 15 cm and a weight of 3.8 kg, ensuring easy transportation and installation.<\/p>\n<\/div>\n<\/div>\n<\/div>\n<\/div>\n<\/div>\n<\/div>\n<\/div>\n<\/div>\n<\/article>\n<div class=\"pointer-events-none h-px w-px\" aria-hidden=\"true\" data-edge=\"true\"><\/div>","protected":false},"excerpt":{"rendered":"<p>Ky mb\u00ebshtet\u00ebs monitori \u00ebsht\u00eb i dizajnuar p\u00ebr monitor\u00eb deri n\u00eb 32 in\u00e7 me nj\u00eb kapacitet pesh\u00eb maksimale prej 15 kg,<\/p>","protected":false},"featured_media":19466,"comment_status":"closed","ping_status":"closed","template":"","meta":{"_seopress_robots_primary_cat":"none","_seopress_titles_title":"","_seopress_titles_desc":"","_seopress_robots_index":""},"product_brand":[],"product_cat":[29,145],"product_tag":[],"class_list":{"0":"post-19372","1":"product","2":"type-product","3":"status-publish","4":"has-post-thumbnail","6":"product_cat-office-accessories","7":"product_cat-mbajtese-monitori","9":"first","10":"instock","11":"shipping-taxable","12":"product-type-simple"},"_links":{"self":[{"href":"https:\/\/interoffice.al\/en\/wp-json\/wp\/v2\/product\/19372","targetHints":{"allow":["GET"]}}],"collection":[{"href":"https:\/\/interoffice.al\/en\/wp-json\/wp\/v2\/product"}],"about":[{"href":"https:\/\/interoffice.al\/en\/wp-json\/wp\/v2\/types\/product"}],"replies":[{"embeddable":true,"href":"https:\/\/interoffice.al\/en\/wp-json\/wp\/v2\/comments?post=19372"}],"version-history":[{"count":2,"href":"https:\/\/interoffice.al\/en\/wp-json\/wp\/v2\/product\/19372\/revisions"}],"predecessor-version":[{"id":19468,"href":"https:\/\/interoffice.al\/en\/wp-json\/wp\/v2\/product\/19372\/revisions\/19468"}],"wp:featuredmedia":[{"embeddable":true,"href":"https:\/\/interoffice.al\/en\/wp-json\/wp\/v2\/media\/19466"}],"wp:attachment":[{"href":"https:\/\/interoffice.al\/en\/wp-json\/wp\/v2\/media?parent=19372"}],"wp:term":[{"taxonomy":"product_brand","embeddable":true,"href":"https:\/\/interoffice.al\/en\/wp-json\/wp\/v2\/product_brand?post=19372"},{"taxonomy":"product_cat","embeddable":true,"href":"https:\/\/interoffice.al\/en\/wp-json\/wp\/v2\/product_cat?post=19372"},{"taxonomy":"product_tag","embeddable":true,"href":"https:\/\/interoffice.al\/en\/wp-json\/wp\/v2\/product_tag?post=19372"}],"curies":[{"name":"wp","href":"https:\/\/api.w.org\/{rel}","templated":true}]}}