{"id":19369,"date":"2025-06-30T15:38:01","date_gmt":"2025-06-30T15:38:01","guid":{"rendered":"https:\/\/interoffice.al\/?post_type=product&#038;p=19369"},"modified":"2025-07-18T08:07:34","modified_gmt":"2025-07-18T08:07:34","slug":"mbajtese-kembesh-copy","status":"publish","type":"product","link":"https:\/\/interoffice.al\/en\/product\/mbajtese-kembesh-copy\/","title":{"rendered":"Anti-fatigue mat"},"content":{"rendered":"<p>Ergo Mat is an ergonomic mat with dimensions of 900 x 610 x 19 mm, designed to provide comfort and protection during long periods of standing. Made of TPE material, it provides a comfortable and durable surface, which reduces fatigue and stress on the legs and back. This mat comes in black, easily adapting to any work or home environment. The product has a 2-year warranty, which guarantees quality and durability. The package includes a box with dimensions of 92 x 63 x 2.5 cm and a weight of 2.0 kg, making transportation and use simple and practical.<\/p>","protected":false},"excerpt":{"rendered":"<p>Ergo Mat \u00ebsht\u00eb nj\u00eb tapet ergonomik me dimensione 900 x 610 x 19 mm, i projektuar p\u00ebr t\u00eb ofruar rehati<\/p>","protected":false},"featured_media":19460,"comment_status":"closed","ping_status":"closed","template":"","meta":{"_seopress_robots_primary_cat":"none","_seopress_titles_title":"","_seopress_titles_desc":"","_seopress_robots_index":""},"product_brand":[],"product_cat":[29,125],"product_tag":[],"class_list":{"0":"post-19369","1":"product","2":"type-product","3":"status-publish","4":"has-post-thumbnail","6":"product_cat-office-accessories","7":"product_cat-mbajtese-kembesh","9":"first","10":"instock","11":"shipping-taxable","12":"product-type-simple"},"_links":{"self":[{"href":"https:\/\/interoffice.al\/en\/wp-json\/wp\/v2\/product\/19369","targetHints":{"allow":["GET"]}}],"collection":[{"href":"https:\/\/interoffice.al\/en\/wp-json\/wp\/v2\/product"}],"about":[{"href":"https:\/\/interoffice.al\/en\/wp-json\/wp\/v2\/types\/product"}],"replies":[{"embeddable":true,"href":"https:\/\/interoffice.al\/en\/wp-json\/wp\/v2\/comments?post=19369"}],"version-history":[{"count":2,"href":"https:\/\/interoffice.al\/en\/wp-json\/wp\/v2\/product\/19369\/revisions"}],"predecessor-version":[{"id":19462,"href":"https:\/\/interoffice.al\/en\/wp-json\/wp\/v2\/product\/19369\/revisions\/19462"}],"wp:featuredmedia":[{"embeddable":true,"href":"https:\/\/interoffice.al\/en\/wp-json\/wp\/v2\/media\/19460"}],"wp:attachment":[{"href":"https:\/\/interoffice.al\/en\/wp-json\/wp\/v2\/media?parent=19369"}],"wp:term":[{"taxonomy":"product_brand","embeddable":true,"href":"https:\/\/interoffice.al\/en\/wp-json\/wp\/v2\/product_brand?post=19369"},{"taxonomy":"product_cat","embeddable":true,"href":"https:\/\/interoffice.al\/en\/wp-json\/wp\/v2\/product_cat?post=19369"},{"taxonomy":"product_tag","embeddable":true,"href":"https:\/\/interoffice.al\/en\/wp-json\/wp\/v2\/product_tag?post=19369"}],"curies":[{"name":"wp","href":"https:\/\/api.w.org\/{rel}","templated":true}]}}