{"id":19351,"date":"2025-06-30T14:52:05","date_gmt":"2025-06-30T14:52:05","guid":{"rendered":"https:\/\/interoffice.al\/?post_type=product&#038;p=19351"},"modified":"2025-07-18T07:33:12","modified_gmt":"2025-07-18T07:33:12","slug":"mbajtese-monitori-copy","status":"publish","type":"product","link":"https:\/\/interoffice.al\/en\/product\/mbajtese-monitori-copy\/","title":{"rendered":"Keeper monitor holder"},"content":{"rendered":"<p>This monitor stand is designed for maximum flexibility and comfort while working. It is suitable for monitors ranging from 13\u2033 to 36\u2033 and offers a 360\u00b0 rotation angle, enabling optimal positioning according to the user\u2019s needs. Its sturdy structure supports a weight of 2 to 12 kg, while the height adjustment range varies from 148 mm to 445 mm, for perfect ergonomics and ease of use. The product comes with a 2-year warranty, ensuring quality and durability. It is available in modern colors such as aluminum, black, white and anthracite (on request), to easily integrate into any work environment. The package includes a box with dimensions of 44.5 x 22.5 x 12.3 cm and a weight of 2.9 kg, which guarantees easy transport and assembly.<\/p>","protected":false},"excerpt":{"rendered":"<p>Ky mbajt\u00ebs monitori \u00ebsht\u00eb projektuar p\u00ebr fleksibilitet dhe komoditet maksimal gjat\u00eb pun\u00ebs. Ai \u00ebsht\u00eb i p\u00ebrshtatsh\u00ebm p\u00ebr monitor\u00eb me madh\u00ebsi<\/p>","protected":false},"featured_media":19423,"comment_status":"closed","ping_status":"closed","template":"","meta":{"_seopress_robots_primary_cat":"none","_seopress_titles_title":"","_seopress_titles_desc":"","_seopress_robots_index":""},"product_brand":[],"product_cat":[29,145],"product_tag":[],"class_list":{"0":"post-19351","1":"product","2":"type-product","3":"status-publish","4":"has-post-thumbnail","6":"product_cat-office-accessories","7":"product_cat-mbajtese-monitori","9":"first","10":"instock","11":"shipping-taxable","12":"product-type-simple"},"_links":{"self":[{"href":"https:\/\/interoffice.al\/en\/wp-json\/wp\/v2\/product\/19351","targetHints":{"allow":["GET"]}}],"collection":[{"href":"https:\/\/interoffice.al\/en\/wp-json\/wp\/v2\/product"}],"about":[{"href":"https:\/\/interoffice.al\/en\/wp-json\/wp\/v2\/types\/product"}],"replies":[{"embeddable":true,"href":"https:\/\/interoffice.al\/en\/wp-json\/wp\/v2\/comments?post=19351"}],"version-history":[{"count":2,"href":"https:\/\/interoffice.al\/en\/wp-json\/wp\/v2\/product\/19351\/revisions"}],"predecessor-version":[{"id":19425,"href":"https:\/\/interoffice.al\/en\/wp-json\/wp\/v2\/product\/19351\/revisions\/19425"}],"wp:featuredmedia":[{"embeddable":true,"href":"https:\/\/interoffice.al\/en\/wp-json\/wp\/v2\/media\/19423"}],"wp:attachment":[{"href":"https:\/\/interoffice.al\/en\/wp-json\/wp\/v2\/media?parent=19351"}],"wp:term":[{"taxonomy":"product_brand","embeddable":true,"href":"https:\/\/interoffice.al\/en\/wp-json\/wp\/v2\/product_brand?post=19351"},{"taxonomy":"product_cat","embeddable":true,"href":"https:\/\/interoffice.al\/en\/wp-json\/wp\/v2\/product_cat?post=19351"},{"taxonomy":"product_tag","embeddable":true,"href":"https:\/\/interoffice.al\/en\/wp-json\/wp\/v2\/product_tag?post=19351"}],"curies":[{"name":"wp","href":"https:\/\/api.w.org\/{rel}","templated":true}]}}