{"id":19345,"date":"2025-06-30T14:35:01","date_gmt":"2025-06-30T14:35:01","guid":{"rendered":"https:\/\/interoffice.al\/?post_type=product&#038;p=19345"},"modified":"2025-10-03T14:58:29","modified_gmt":"2025-10-03T14:58:29","slug":"emodel-copy-copy","status":"publish","type":"product","link":"https:\/\/interoffice.al\/en\/product\/emodel-copy-copy\/","title":{"rendered":"Mechanic Table Handle"},"content":{"rendered":"<p>The rectangular leg orientation lifting system offers a modern and functional design, adapted to ergonomic desks with manual or mechanical adjustment. It allows height adjustment from 690 mm to 1130 mm and width adjustment from 1150 mm to 1800 mm, making it very flexible for different desk sizes. The bracket has a length of 600 mm, while the flat legs with a length of 700 mm ensure maximum stability and durability during use. The lifting capacity reaches up to 80 kg, while the operation is quiet with a noise level of less than 50 dB. The mechanism guarantees a maximum speed of 8 mm per turn, providing controlled and stable lifting. The system is available in elegant colors such as aluminum, black, white and anthracite (on request), to match any work environment. For long-term reliability, the product has a 5-year warranty. The package contains a box with dimensions of 113.5 x 32 x 20 cm and a weight of 27.5 kg.<\/p>","protected":false},"excerpt":{"rendered":"<p>Sistemi i ngritjes me orientim t\u00eb k\u00ebmb\u00ebs drejtk\u00ebndor ofron nj\u00eb dizajn modern dhe funksional, i p\u00ebrshtatur p\u00ebr tavolina ergonomike me<\/p>","protected":false},"featured_media":19350,"comment_status":"closed","ping_status":"closed","template":"","meta":{"_seopress_robots_primary_cat":"none","_seopress_titles_title":"","_seopress_titles_desc":"Tavoline elektrike Handle","_seopress_robots_index":""},"product_brand":[],"product_cat":[132,32],"product_tag":[],"class_list":{"0":"post-19345","1":"product","2":"type-product","3":"status-publish","4":"has-post-thumbnail","6":"product_cat-operative","7":"product_cat-tables","9":"first","10":"instock","11":"shipping-taxable","12":"product-type-simple"},"_links":{"self":[{"href":"https:\/\/interoffice.al\/en\/wp-json\/wp\/v2\/product\/19345","targetHints":{"allow":["GET"]}}],"collection":[{"href":"https:\/\/interoffice.al\/en\/wp-json\/wp\/v2\/product"}],"about":[{"href":"https:\/\/interoffice.al\/en\/wp-json\/wp\/v2\/types\/product"}],"replies":[{"embeddable":true,"href":"https:\/\/interoffice.al\/en\/wp-json\/wp\/v2\/comments?post=19345"}],"version-history":[{"count":3,"href":"https:\/\/interoffice.al\/en\/wp-json\/wp\/v2\/product\/19345\/revisions"}],"predecessor-version":[{"id":19510,"href":"https:\/\/interoffice.al\/en\/wp-json\/wp\/v2\/product\/19345\/revisions\/19510"}],"wp:featuredmedia":[{"embeddable":true,"href":"https:\/\/interoffice.al\/en\/wp-json\/wp\/v2\/media\/19350"}],"wp:attachment":[{"href":"https:\/\/interoffice.al\/en\/wp-json\/wp\/v2\/media?parent=19345"}],"wp:term":[{"taxonomy":"product_brand","embeddable":true,"href":"https:\/\/interoffice.al\/en\/wp-json\/wp\/v2\/product_brand?post=19345"},{"taxonomy":"product_cat","embeddable":true,"href":"https:\/\/interoffice.al\/en\/wp-json\/wp\/v2\/product_cat?post=19345"},{"taxonomy":"product_tag","embeddable":true,"href":"https:\/\/interoffice.al\/en\/wp-json\/wp\/v2\/product_tag?post=19345"}],"curies":[{"name":"wp","href":"https:\/\/api.w.org\/{rel}","templated":true}]}}