{"id":19332,"date":"2025-06-25T13:29:36","date_gmt":"2025-06-25T13:29:36","guid":{"rendered":"https:\/\/interoffice.al\/?post_type=product&#038;p=19332"},"modified":"2025-06-25T13:33:22","modified_gmt":"2025-06-25T13:33:22","slug":"hit-copy","status":"publish","type":"product","link":"https:\/\/interoffice.al\/en\/product\/hit-copy\/","title":{"rendered":"Mauro"},"content":{"rendered":"<p>The Mauro chair combines comfort and functionality for a comfortable working experience all day long. Equipped with a Tilt mechanism, it offers two ways of use: fixed in the working position or left in a rocking position for relaxation. The strength of the rocking is adjusted via a spring screw, adapting it to your weight and personal preference. The seat height is adjustable up to 9.5 cm via a SUSPA technology gas and oil pump, making it suitable for any desk height. The arms are covered with polypropylene material, which provides comfortable and stable support. The star-shaped plastic base ensures stability and durability, while the double-sided nylon wheels and steel pin allow easy and smooth movement in any direction. The chair withstands a maximum weight capacity of up to 100 kg, making it suitable for daily use in professional or domestic environments.<\/p>\n<p>&nbsp;<\/p>","protected":false},"excerpt":{"rendered":"<p>Karrigia Mauro kombinon komoditetin dhe funksionalitetin p\u00ebr nj\u00eb p\u00ebrvoj\u00eb t\u00eb rehatshme pune gjat\u00eb gjith\u00eb dit\u00ebs. E pajisur me mekaniz\u00ebm t\u00eb<\/p>","protected":false},"featured_media":19333,"comment_status":"closed","ping_status":"closed","template":"","meta":{"_seopress_robots_primary_cat":"none","_seopress_titles_title":"Mauro - Inter Office","_seopress_titles_desc":"Karrige Operative Mauro","_seopress_robots_index":""},"product_brand":[],"product_cat":[20,118],"product_tag":[],"class_list":{"0":"post-19332","1":"product","2":"type-product","3":"status-publish","4":"has-post-thumbnail","6":"product_cat-chairs","7":"product_cat-operacional","9":"first","10":"instock","11":"shipping-taxable","12":"product-type-simple"},"_links":{"self":[{"href":"https:\/\/interoffice.al\/en\/wp-json\/wp\/v2\/product\/19332","targetHints":{"allow":["GET"]}}],"collection":[{"href":"https:\/\/interoffice.al\/en\/wp-json\/wp\/v2\/product"}],"about":[{"href":"https:\/\/interoffice.al\/en\/wp-json\/wp\/v2\/types\/product"}],"replies":[{"embeddable":true,"href":"https:\/\/interoffice.al\/en\/wp-json\/wp\/v2\/comments?post=19332"}],"version-history":[{"count":1,"href":"https:\/\/interoffice.al\/en\/wp-json\/wp\/v2\/product\/19332\/revisions"}],"predecessor-version":[{"id":19334,"href":"https:\/\/interoffice.al\/en\/wp-json\/wp\/v2\/product\/19332\/revisions\/19334"}],"wp:featuredmedia":[{"embeddable":true,"href":"https:\/\/interoffice.al\/en\/wp-json\/wp\/v2\/media\/19333"}],"wp:attachment":[{"href":"https:\/\/interoffice.al\/en\/wp-json\/wp\/v2\/media?parent=19332"}],"wp:term":[{"taxonomy":"product_brand","embeddable":true,"href":"https:\/\/interoffice.al\/en\/wp-json\/wp\/v2\/product_brand?post=19332"},{"taxonomy":"product_cat","embeddable":true,"href":"https:\/\/interoffice.al\/en\/wp-json\/wp\/v2\/product_cat?post=19332"},{"taxonomy":"product_tag","embeddable":true,"href":"https:\/\/interoffice.al\/en\/wp-json\/wp\/v2\/product_tag?post=19332"}],"curies":[{"name":"wp","href":"https:\/\/api.w.org\/{rel}","templated":true}]}}