{"id":19022,"date":"2025-05-14T10:36:27","date_gmt":"2025-05-14T10:36:27","guid":{"rendered":"https:\/\/interoffice.al\/?post_type=product&#038;p=19022"},"modified":"2025-06-24T12:41:27","modified_gmt":"2025-06-24T12:41:27","slug":"kuzhine-per-zyre","status":"publish","type":"product","link":"https:\/\/interoffice.al\/en\/product\/kuzhine-per-zyre\/","title":{"rendered":"Office kitchen"},"content":{"rendered":"<p>The office kitchen has been designed to offer full functionality in a compact and elegant space, adapting perfectly to professional environments. The structure is built from 16 mm thick melamine panel, which guarantees good durability, light weight and a clean appearance. The finish is resistant to scratches and moisture, as well as very easy to maintain, an important advantage for daily office use. The desk is an essential design element, with a thickness of 4 cm. It is made of postforming material with high resistance to moisture, scratches and heat.<\/p>","protected":false},"excerpt":{"rendered":"<p>Kushina p\u00ebr ambiente zyre, \u00ebsht\u00eb projektuar p\u00ebr t\u00eb ofruar funksionalitet t\u00eb plot\u00eb n\u00eb nj\u00eb hap\u00ebsir\u00eb t\u00eb p\u00ebrmbledhur dhe elegante, duke<\/p>","protected":false},"featured_media":19320,"comment_status":"closed","ping_status":"closed","template":"","meta":{"_seopress_robots_primary_cat":"none","_seopress_titles_title":"","_seopress_titles_desc":"","_seopress_robots_index":""},"product_brand":[],"product_cat":[144,143],"product_tag":[],"class_list":{"0":"post-19022","1":"product","2":"type-product","3":"status-publish","4":"has-post-thumbnail","6":"product_cat-kuzhina-per-zyra-mobilje-te-vogla","7":"product_cat-mobilje-te-vogla","9":"first","10":"instock","11":"shipping-taxable","12":"product-type-simple"},"_links":{"self":[{"href":"https:\/\/interoffice.al\/en\/wp-json\/wp\/v2\/product\/19022","targetHints":{"allow":["GET"]}}],"collection":[{"href":"https:\/\/interoffice.al\/en\/wp-json\/wp\/v2\/product"}],"about":[{"href":"https:\/\/interoffice.al\/en\/wp-json\/wp\/v2\/types\/product"}],"replies":[{"embeddable":true,"href":"https:\/\/interoffice.al\/en\/wp-json\/wp\/v2\/comments?post=19022"}],"version-history":[{"count":3,"href":"https:\/\/interoffice.al\/en\/wp-json\/wp\/v2\/product\/19022\/revisions"}],"predecessor-version":[{"id":19275,"href":"https:\/\/interoffice.al\/en\/wp-json\/wp\/v2\/product\/19022\/revisions\/19275"}],"wp:featuredmedia":[{"embeddable":true,"href":"https:\/\/interoffice.al\/en\/wp-json\/wp\/v2\/media\/19320"}],"wp:attachment":[{"href":"https:\/\/interoffice.al\/en\/wp-json\/wp\/v2\/media?parent=19022"}],"wp:term":[{"taxonomy":"product_brand","embeddable":true,"href":"https:\/\/interoffice.al\/en\/wp-json\/wp\/v2\/product_brand?post=19022"},{"taxonomy":"product_cat","embeddable":true,"href":"https:\/\/interoffice.al\/en\/wp-json\/wp\/v2\/product_cat?post=19022"},{"taxonomy":"product_tag","embeddable":true,"href":"https:\/\/interoffice.al\/en\/wp-json\/wp\/v2\/product_tag?post=19022"}],"curies":[{"name":"wp","href":"https:\/\/api.w.org\/{rel}","templated":true}]}}