{"id":19017,"date":"2025-05-14T10:35:13","date_gmt":"2025-05-14T10:35:13","guid":{"rendered":"https:\/\/interoffice.al\/?post_type=product&#038;p=19017"},"modified":"2025-06-20T12:46:19","modified_gmt":"2025-06-20T12:46:19","slug":"mbajtese-monitori","status":"publish","type":"product","link":"https:\/\/interoffice.al\/en\/product\/mbajtese-monitori\/","title":{"rendered":"Monitor holder"},"content":{"rendered":"<p>Monitor holder, for placing the screen in the desired position. This ergonomic accessory helps you always have your monitor at the ideal height and angle. Thanks to the improved gas spring system, the arm is suitable for monitors weighing from 2 to 9 kilograms, providing stable support and easy movement. Height adjustment, rotation, tilt and swivel are easy to use, allowing you to maintain a healthy posture throughout the day. The monitor holder is the ideal solution for modern work environments, combining functionality, elegance and comfort in a single sophisticated design.<\/p>","protected":false},"excerpt":{"rendered":"<p>Mbajt\u00ebse monitori, p\u00ebr vendosjen e ekranit n\u00eb pozicionin e d\u00ebshiruar. Ky aksesor ergonomik ju ndihmon ta keni gjithmon\u00eb monitorin n\u00eb<\/p>","protected":false},"featured_media":19020,"comment_status":"closed","ping_status":"closed","template":"","meta":{"_seopress_robots_primary_cat":"none","_seopress_titles_title":"","_seopress_titles_desc":"","_seopress_robots_index":""},"product_brand":[],"product_cat":[29,145],"product_tag":[],"class_list":{"0":"post-19017","1":"product","2":"type-product","3":"status-publish","4":"has-post-thumbnail","6":"product_cat-office-accessories","7":"product_cat-mbajtese-monitori","9":"first","10":"instock","11":"shipping-taxable","12":"product-type-simple"},"_links":{"self":[{"href":"https:\/\/interoffice.al\/en\/wp-json\/wp\/v2\/product\/19017","targetHints":{"allow":["GET"]}}],"collection":[{"href":"https:\/\/interoffice.al\/en\/wp-json\/wp\/v2\/product"}],"about":[{"href":"https:\/\/interoffice.al\/en\/wp-json\/wp\/v2\/types\/product"}],"replies":[{"embeddable":true,"href":"https:\/\/interoffice.al\/en\/wp-json\/wp\/v2\/comments?post=19017"}],"version-history":[{"count":3,"href":"https:\/\/interoffice.al\/en\/wp-json\/wp\/v2\/product\/19017\/revisions"}],"predecessor-version":[{"id":19276,"href":"https:\/\/interoffice.al\/en\/wp-json\/wp\/v2\/product\/19017\/revisions\/19276"}],"wp:featuredmedia":[{"embeddable":true,"href":"https:\/\/interoffice.al\/en\/wp-json\/wp\/v2\/media\/19020"}],"wp:attachment":[{"href":"https:\/\/interoffice.al\/en\/wp-json\/wp\/v2\/media?parent=19017"}],"wp:term":[{"taxonomy":"product_brand","embeddable":true,"href":"https:\/\/interoffice.al\/en\/wp-json\/wp\/v2\/product_brand?post=19017"},{"taxonomy":"product_cat","embeddable":true,"href":"https:\/\/interoffice.al\/en\/wp-json\/wp\/v2\/product_cat?post=19017"},{"taxonomy":"product_tag","embeddable":true,"href":"https:\/\/interoffice.al\/en\/wp-json\/wp\/v2\/product_tag?post=19017"}],"curies":[{"name":"wp","href":"https:\/\/api.w.org\/{rel}","templated":true}]}}