{"id":18754,"date":"2025-05-09T11:22:16","date_gmt":"2025-05-09T11:22:16","guid":{"rendered":"https:\/\/interoffice.al\/?post_type=product&#038;p=18754"},"modified":"2025-06-20T13:21:34","modified_gmt":"2025-06-20T13:21:34","slug":"xilium","status":"publish","type":"product","link":"https:\/\/interoffice.al\/en\/product\/xilium\/","title":{"rendered":"Xilium"},"content":{"rendered":"<p>The Xilium swivel chair is designed to ensure a healthy and comfortable posture during long working hours. It represents a combination of modern technology with functional design, adapting to the demands of contemporary users. Equipped with a Synchronous mechanism, Xilium allows for harmonized vertical movement of the angled backrest, as well as tilt adjustment, offering a personalized seating experience. The ergonomic backrest, available with air mesh or soft padding, offers full support for the spine. The seat can be adjusted, both in depth and height, to adapt to the optimal body position. The armrests, in 3D or 4D variants, are suitable for any type of user, guaranteeing maximum comfort. The wheeled base, made of aluminum or hard plastic, is stable and functional on any surface.<\/p>","protected":false},"excerpt":{"rendered":"<p>Karrigia rrotulluese Xilium \u00ebsht\u00eb krijuar p\u00ebr t\u00eb garantuar nj\u00eb q\u00ebndrim t\u00eb sh\u00ebndetsh\u00ebm dhe t\u00eb rehatsh\u00ebm gjat\u00eb or\u00ebve t\u00eb gjata t\u00eb<\/p>","protected":false},"featured_media":18757,"comment_status":"closed","ping_status":"closed","template":"","meta":{"_seopress_robots_primary_cat":"none","_seopress_titles_title":"","_seopress_titles_desc":"Karrige rrotulluese Xilium","_seopress_robots_index":""},"product_brand":[],"product_cat":[117,20,119],"product_tag":[],"class_list":{"0":"post-18754","1":"product","2":"type-product","3":"status-publish","4":"has-post-thumbnail","6":"product_cat-directional","7":"product_cat-chairs","8":"product_cat-most-wanted","10":"first","11":"instock","12":"shipping-taxable","13":"product-type-simple"},"_links":{"self":[{"href":"https:\/\/interoffice.al\/en\/wp-json\/wp\/v2\/product\/18754","targetHints":{"allow":["GET"]}}],"collection":[{"href":"https:\/\/interoffice.al\/en\/wp-json\/wp\/v2\/product"}],"about":[{"href":"https:\/\/interoffice.al\/en\/wp-json\/wp\/v2\/types\/product"}],"replies":[{"embeddable":true,"href":"https:\/\/interoffice.al\/en\/wp-json\/wp\/v2\/comments?post=18754"}],"version-history":[{"count":7,"href":"https:\/\/interoffice.al\/en\/wp-json\/wp\/v2\/product\/18754\/revisions"}],"predecessor-version":[{"id":19286,"href":"https:\/\/interoffice.al\/en\/wp-json\/wp\/v2\/product\/18754\/revisions\/19286"}],"wp:featuredmedia":[{"embeddable":true,"href":"https:\/\/interoffice.al\/en\/wp-json\/wp\/v2\/media\/18757"}],"wp:attachment":[{"href":"https:\/\/interoffice.al\/en\/wp-json\/wp\/v2\/media?parent=18754"}],"wp:term":[{"taxonomy":"product_brand","embeddable":true,"href":"https:\/\/interoffice.al\/en\/wp-json\/wp\/v2\/product_brand?post=18754"},{"taxonomy":"product_cat","embeddable":true,"href":"https:\/\/interoffice.al\/en\/wp-json\/wp\/v2\/product_cat?post=18754"},{"taxonomy":"product_tag","embeddable":true,"href":"https:\/\/interoffice.al\/en\/wp-json\/wp\/v2\/product_tag?post=18754"}],"curies":[{"name":"wp","href":"https:\/\/api.w.org\/{rel}","templated":true}]}}