{"id":18744,"date":"2025-05-09T11:11:03","date_gmt":"2025-05-09T11:11:03","guid":{"rendered":"https:\/\/interoffice.al\/?post_type=product&#038;p=18744"},"modified":"2025-06-20T13:24:54","modified_gmt":"2025-06-20T13:24:54","slug":"flib-per-mbledhje","status":"publish","type":"product","link":"https:\/\/interoffice.al\/en\/product\/flib-per-mbledhje\/","title":{"rendered":"Flib for meeting"},"content":{"rendered":"<p>Tables <strong>Flib<\/strong> \u00ebsht\u00eb nj\u00eb zgjidhje funksionale dhe elegante p\u00ebr ambiente pune si salla trajnimesh, konferencash apo mbledhjesh. E projektuar p\u00ebr fleksibilitet maksimal, Flib ofron nj\u00eb sistem t\u00eb zgjuar palosjeje q\u00eb lejon ruajtje dhe l\u00ebvizje t\u00eb leht\u00eb, duke kursyer hap\u00ebsir\u00eb pa kompromentuar stabilitetin apo cil\u00ebsin\u00eb. Syprina e saj \u00ebsht\u00eb prej melamine, me trash\u00ebsi 25 mm dhe shiritim ABS 2 mm. Forma e sip\u00ebrfaqes mund t\u00eb jet\u00eb drejtk\u00ebnd\u00ebshe ose gjysm\u00eb-ovale, duke u p\u00ebrshtatur me stile t\u00eb ndryshme vendosjeje. Struktura metalike \u00ebsht\u00eb e nd\u00ebrtuar nga tuba \u00e7eliku \u00d832 mm dhe mb\u00ebshtetet n\u00eb kat\u00ebr rrota, nga t\u00eb cilat dy jan\u00eb me frenim p\u00ebr stabilitet t\u00eb shtuar. Baza ofrohet n\u00eb version t\u00eb kromuar ose ne RAL me te gjitha ngjyrat, p\u00ebr t\u2019u kombinuar leht\u00ebsisht me dekorin e brendsh\u00ebm. Flib \u00ebsht\u00eb ve\u00e7an\u00ebrisht praktike p\u00ebr p\u00ebrdorim dinamik, tavolinat mund t\u00eb lidhen mes tyre p\u00ebr konfigurime t\u00eb ndryshme, fal\u00eb lidh\u00ebsve plastik\u00eb t\u00eb vendosura posht\u00eb syprin\u00ebs, n\u00eb m\u00ebnyr\u00eb t\u00eb padukshme.<\/p>","protected":false},"excerpt":{"rendered":"<p>Tavolina Flib \u00ebsht\u00eb nj\u00eb zgjidhje funksionale dhe elegante p\u00ebr ambiente pune si salla trajnimesh, konferencash apo mbledhjesh. E projektuar p\u00ebr<\/p>","protected":false},"featured_media":18747,"comment_status":"closed","ping_status":"closed","template":"","meta":{"_seopress_robots_primary_cat":"none","_seopress_titles_title":"","_seopress_titles_desc":"Tavoline mbledhje Flib","_seopress_robots_index":""},"product_brand":[],"product_cat":[133,32],"product_tag":[],"class_list":{"0":"post-18744","1":"product","2":"type-product","3":"status-publish","4":"has-post-thumbnail","6":"product_cat-mbledhje","7":"product_cat-tables","9":"first","10":"instock","11":"shipping-taxable","12":"product-type-simple"},"_links":{"self":[{"href":"https:\/\/interoffice.al\/en\/wp-json\/wp\/v2\/product\/18744","targetHints":{"allow":["GET"]}}],"collection":[{"href":"https:\/\/interoffice.al\/en\/wp-json\/wp\/v2\/product"}],"about":[{"href":"https:\/\/interoffice.al\/en\/wp-json\/wp\/v2\/types\/product"}],"replies":[{"embeddable":true,"href":"https:\/\/interoffice.al\/en\/wp-json\/wp\/v2\/comments?post=18744"}],"version-history":[{"count":3,"href":"https:\/\/interoffice.al\/en\/wp-json\/wp\/v2\/product\/18744\/revisions"}],"predecessor-version":[{"id":19288,"href":"https:\/\/interoffice.al\/en\/wp-json\/wp\/v2\/product\/18744\/revisions\/19288"}],"wp:featuredmedia":[{"embeddable":true,"href":"https:\/\/interoffice.al\/en\/wp-json\/wp\/v2\/media\/18747"}],"wp:attachment":[{"href":"https:\/\/interoffice.al\/en\/wp-json\/wp\/v2\/media?parent=18744"}],"wp:term":[{"taxonomy":"product_brand","embeddable":true,"href":"https:\/\/interoffice.al\/en\/wp-json\/wp\/v2\/product_brand?post=18744"},{"taxonomy":"product_cat","embeddable":true,"href":"https:\/\/interoffice.al\/en\/wp-json\/wp\/v2\/product_cat?post=18744"},{"taxonomy":"product_tag","embeddable":true,"href":"https:\/\/interoffice.al\/en\/wp-json\/wp\/v2\/product_tag?post=18744"}],"curies":[{"name":"wp","href":"https:\/\/api.w.org\/{rel}","templated":true}]}}