{"id":18724,"date":"2025-05-08T10:15:21","date_gmt":"2025-05-08T10:15:21","guid":{"rendered":"https:\/\/interoffice.al\/?post_type=product&#038;p=18724"},"modified":"2025-06-23T12:38:46","modified_gmt":"2025-06-23T12:38:46","slug":"mbajtese-kembesh","status":"publish","type":"product","link":"https:\/\/interoffice.al\/en\/product\/mbajtese-kembesh\/","title":{"rendered":"Footrest"},"content":{"rendered":"<p>The ergonomic footrest is designed to improve posture and comfort during long hours of sitting. With a massaging surface and rocking platform, it helps relieve pressure on the feet and spine. The durable plastic structure and non-slip base make it suitable for any work environment.<\/p>","protected":false},"excerpt":{"rendered":"<p>Mb\u00ebshtet\u00ebsi ergonomik p\u00ebr k\u00ebmb\u00eb \u00ebsht\u00eb krijuar p\u00ebr t\u00eb p\u00ebrmir\u00ebsuar q\u00ebndrimin dhe rehatin\u00eb gjat\u00eb or\u00ebve t\u00eb gjata ulur. Me sip\u00ebrfaqe masazhuese<\/p>","protected":false},"featured_media":18704,"comment_status":"closed","ping_status":"closed","template":"","meta":{"_seopress_robots_primary_cat":"none","_seopress_titles_title":"","_seopress_titles_desc":"","_seopress_robots_index":""},"product_brand":[],"product_cat":[29,125],"product_tag":[],"class_list":{"0":"post-18724","1":"product","2":"type-product","3":"status-publish","4":"has-post-thumbnail","6":"product_cat-office-accessories","7":"product_cat-mbajtese-kembesh","9":"first","10":"instock","11":"shipping-taxable","12":"product-type-simple"},"_links":{"self":[{"href":"https:\/\/interoffice.al\/en\/wp-json\/wp\/v2\/product\/18724","targetHints":{"allow":["GET"]}}],"collection":[{"href":"https:\/\/interoffice.al\/en\/wp-json\/wp\/v2\/product"}],"about":[{"href":"https:\/\/interoffice.al\/en\/wp-json\/wp\/v2\/types\/product"}],"replies":[{"embeddable":true,"href":"https:\/\/interoffice.al\/en\/wp-json\/wp\/v2\/comments?post=18724"}],"version-history":[{"count":2,"href":"https:\/\/interoffice.al\/en\/wp-json\/wp\/v2\/product\/18724\/revisions"}],"predecessor-version":[{"id":19108,"href":"https:\/\/interoffice.al\/en\/wp-json\/wp\/v2\/product\/18724\/revisions\/19108"}],"wp:featuredmedia":[{"embeddable":true,"href":"https:\/\/interoffice.al\/en\/wp-json\/wp\/v2\/media\/18704"}],"wp:attachment":[{"href":"https:\/\/interoffice.al\/en\/wp-json\/wp\/v2\/media?parent=18724"}],"wp:term":[{"taxonomy":"product_brand","embeddable":true,"href":"https:\/\/interoffice.al\/en\/wp-json\/wp\/v2\/product_brand?post=18724"},{"taxonomy":"product_cat","embeddable":true,"href":"https:\/\/interoffice.al\/en\/wp-json\/wp\/v2\/product_cat?post=18724"},{"taxonomy":"product_tag","embeddable":true,"href":"https:\/\/interoffice.al\/en\/wp-json\/wp\/v2\/product_tag?post=18724"}],"curies":[{"name":"wp","href":"https:\/\/api.w.org\/{rel}","templated":true}]}}