{"id":18720,"date":"2025-05-08T10:14:47","date_gmt":"2025-05-08T10:14:47","guid":{"rendered":"https:\/\/interoffice.al\/?post_type=product&#038;p=18720"},"modified":"2025-05-26T15:25:30","modified_gmt":"2025-05-26T15:25:30","slug":"mbajtese-pc","status":"publish","type":"product","link":"https:\/\/interoffice.al\/en\/product\/mbajtese-pc\/","title":{"rendered":"PC holder"},"content":{"rendered":"<p>The PC Holder with accessories is designed to be mounted under the desk, offering a practical and secure solution for placing the computer's central processing unit. It keeps the device off the floor, freeing up space and improving organization in the work environment. The structure is adjustable to fit different case sizes, and includes straps or fastening mechanisms that ensure a stable hold. More advanced models offer a rotating or sliding function for easy access to the rear ports and cables.<\/p>","protected":false},"excerpt":{"rendered":"<p>Mbajt\u00ebs PC-je (PC Holder) me aksesor\u00eb \u00ebsht\u00eb projektuar p\u00ebr t\u2019u montuar posht\u00eb tavolin\u00ebs s\u00eb pun\u00ebs, duke ofruar nj\u00eb zgjidhje praktike<\/p>","protected":false},"featured_media":18696,"comment_status":"closed","ping_status":"closed","template":"","meta":{"_seopress_robots_primary_cat":"none","_seopress_titles_title":"","_seopress_titles_desc":"","_seopress_robots_index":""},"product_brand":[],"product_cat":[29,146],"product_tag":[],"class_list":{"0":"post-18720","1":"product","2":"type-product","3":"status-publish","4":"has-post-thumbnail","6":"product_cat-office-accessories","7":"product_cat-mbajtese-harddisk","9":"first","10":"instock","11":"shipping-taxable","12":"product-type-simple"},"_links":{"self":[{"href":"https:\/\/interoffice.al\/en\/wp-json\/wp\/v2\/product\/18720","targetHints":{"allow":["GET"]}}],"collection":[{"href":"https:\/\/interoffice.al\/en\/wp-json\/wp\/v2\/product"}],"about":[{"href":"https:\/\/interoffice.al\/en\/wp-json\/wp\/v2\/types\/product"}],"replies":[{"embeddable":true,"href":"https:\/\/interoffice.al\/en\/wp-json\/wp\/v2\/comments?post=18720"}],"version-history":[{"count":2,"href":"https:\/\/interoffice.al\/en\/wp-json\/wp\/v2\/product\/18720\/revisions"}],"predecessor-version":[{"id":19109,"href":"https:\/\/interoffice.al\/en\/wp-json\/wp\/v2\/product\/18720\/revisions\/19109"}],"wp:featuredmedia":[{"embeddable":true,"href":"https:\/\/interoffice.al\/en\/wp-json\/wp\/v2\/media\/18696"}],"wp:attachment":[{"href":"https:\/\/interoffice.al\/en\/wp-json\/wp\/v2\/media?parent=18720"}],"wp:term":[{"taxonomy":"product_brand","embeddable":true,"href":"https:\/\/interoffice.al\/en\/wp-json\/wp\/v2\/product_brand?post=18720"},{"taxonomy":"product_cat","embeddable":true,"href":"https:\/\/interoffice.al\/en\/wp-json\/wp\/v2\/product_cat?post=18720"},{"taxonomy":"product_tag","embeddable":true,"href":"https:\/\/interoffice.al\/en\/wp-json\/wp\/v2\/product_tag?post=18720"}],"curies":[{"name":"wp","href":"https:\/\/api.w.org\/{rel}","templated":true}]}}