{"id":18716,"date":"2025-05-08T10:13:26","date_gmt":"2025-05-08T10:13:26","guid":{"rendered":"https:\/\/interoffice.al\/?post_type=product&#038;p=18716"},"modified":"2025-06-20T14:25:57","modified_gmt":"2025-06-20T14:25:57","slug":"tavoline-vizitor","status":"publish","type":"product","link":"https:\/\/interoffice.al\/en\/product\/tavoline-vizitor\/","title":{"rendered":"Coffee Table"},"content":{"rendered":"<p>The coffee table is a functional and aesthetic element in any reception area, office or business lounge, where hospitality and comfort are important. The structure is durable and made of materials such as MDF, natural wood, metal or glass, depending on the style of the environment. The top can be simple or with design details, while some models offer space below for magazines, brochures, or promotional materials.<\/p>","protected":false},"excerpt":{"rendered":"<p>Tavolina e vizitor\u00ebve (coffee table) \u00ebsht\u00eb nj\u00eb element funksional dhe estetik n\u00eb \u00e7do ambient pritjeje, zyre apo sallon biznesi, ku<\/p>","protected":false},"featured_media":18707,"comment_status":"closed","ping_status":"closed","template":"","meta":{"_seopress_robots_primary_cat":"none","_seopress_titles_title":"","_seopress_titles_desc":"","_seopress_robots_index":""},"product_brand":[],"product_cat":[143,136],"product_tag":[],"class_list":{"0":"post-18716","1":"product","2":"type-product","3":"status-publish","4":"has-post-thumbnail","6":"product_cat-mobilje-te-vogla","7":"product_cat-small-tables","9":"first","10":"instock","11":"shipping-taxable","12":"product-type-simple"},"_links":{"self":[{"href":"https:\/\/interoffice.al\/en\/wp-json\/wp\/v2\/product\/18716","targetHints":{"allow":["GET"]}}],"collection":[{"href":"https:\/\/interoffice.al\/en\/wp-json\/wp\/v2\/product"}],"about":[{"href":"https:\/\/interoffice.al\/en\/wp-json\/wp\/v2\/types\/product"}],"replies":[{"embeddable":true,"href":"https:\/\/interoffice.al\/en\/wp-json\/wp\/v2\/comments?post=18716"}],"version-history":[{"count":3,"href":"https:\/\/interoffice.al\/en\/wp-json\/wp\/v2\/product\/18716\/revisions"}],"predecessor-version":[{"id":19304,"href":"https:\/\/interoffice.al\/en\/wp-json\/wp\/v2\/product\/18716\/revisions\/19304"}],"wp:featuredmedia":[{"embeddable":true,"href":"https:\/\/interoffice.al\/en\/wp-json\/wp\/v2\/media\/18707"}],"wp:attachment":[{"href":"https:\/\/interoffice.al\/en\/wp-json\/wp\/v2\/media?parent=18716"}],"wp:term":[{"taxonomy":"product_brand","embeddable":true,"href":"https:\/\/interoffice.al\/en\/wp-json\/wp\/v2\/product_brand?post=18716"},{"taxonomy":"product_cat","embeddable":true,"href":"https:\/\/interoffice.al\/en\/wp-json\/wp\/v2\/product_cat?post=18716"},{"taxonomy":"product_tag","embeddable":true,"href":"https:\/\/interoffice.al\/en\/wp-json\/wp\/v2\/product_tag?post=18716"}],"curies":[{"name":"wp","href":"https:\/\/api.w.org\/{rel}","templated":true}]}}