{"id":18709,"date":"2025-05-08T10:11:33","date_gmt":"2025-05-08T10:11:33","guid":{"rendered":"https:\/\/interoffice.al\/?post_type=product&#038;p=18709"},"modified":"2025-06-20T14:31:23","modified_gmt":"2025-06-20T14:31:23","slug":"tavolina-per-laptop","status":"publish","type":"product","link":"https:\/\/interoffice.al\/en\/product\/tavolina-per-laptop\/","title":{"rendered":"Laptop desk"},"content":{"rendered":"<p>Portable laptop table with functional design. It has two work surfaces: one with an adjustable angle for a laptop and the other flat for a mouse or notes. The foldable metal structure offers durability and ease of transport. The surface material is MDF, resistant to moisture and scratches. Dimensions: about 60 x 35 x 26 cm. For use on the bed, sofa or when traveling.<\/p>","protected":false},"excerpt":{"rendered":"<p>Tavolin\u00eb portative p\u00ebr laptop me dizain funksional. Ka dy sip\u00ebrfaqe pune: nj\u00ebra me k\u00ebnd t\u00eb rregulluesh\u00ebm p\u00ebr laptop dhe tjetra<\/p>","protected":false},"featured_media":18690,"comment_status":"closed","ping_status":"closed","template":"","meta":{"_seopress_robots_primary_cat":"none","_seopress_titles_title":"","_seopress_titles_desc":"","_seopress_robots_index":""},"product_brand":[],"product_cat":[143,135],"product_tag":[],"class_list":{"0":"post-18709","1":"product","2":"type-product","3":"status-publish","4":"has-post-thumbnail","6":"product_cat-mobilje-te-vogla","7":"product_cat-study-tables","9":"first","10":"instock","11":"shipping-taxable","12":"product-type-simple"},"_links":{"self":[{"href":"https:\/\/interoffice.al\/en\/wp-json\/wp\/v2\/product\/18709","targetHints":{"allow":["GET"]}}],"collection":[{"href":"https:\/\/interoffice.al\/en\/wp-json\/wp\/v2\/product"}],"about":[{"href":"https:\/\/interoffice.al\/en\/wp-json\/wp\/v2\/types\/product"}],"replies":[{"embeddable":true,"href":"https:\/\/interoffice.al\/en\/wp-json\/wp\/v2\/comments?post=18709"}],"version-history":[{"count":3,"href":"https:\/\/interoffice.al\/en\/wp-json\/wp\/v2\/product\/18709\/revisions"}],"predecessor-version":[{"id":19306,"href":"https:\/\/interoffice.al\/en\/wp-json\/wp\/v2\/product\/18709\/revisions\/19306"}],"wp:featuredmedia":[{"embeddable":true,"href":"https:\/\/interoffice.al\/en\/wp-json\/wp\/v2\/media\/18690"}],"wp:attachment":[{"href":"https:\/\/interoffice.al\/en\/wp-json\/wp\/v2\/media?parent=18709"}],"wp:term":[{"taxonomy":"product_brand","embeddable":true,"href":"https:\/\/interoffice.al\/en\/wp-json\/wp\/v2\/product_brand?post=18709"},{"taxonomy":"product_cat","embeddable":true,"href":"https:\/\/interoffice.al\/en\/wp-json\/wp\/v2\/product_cat?post=18709"},{"taxonomy":"product_tag","embeddable":true,"href":"https:\/\/interoffice.al\/en\/wp-json\/wp\/v2\/product_tag?post=18709"}],"curies":[{"name":"wp","href":"https:\/\/api.w.org\/{rel}","templated":true}]}}