{"id":18682,"date":"2025-05-08T10:09:59","date_gmt":"2025-05-08T10:09:59","guid":{"rendered":"https:\/\/interoffice.al\/?post_type=product&#038;p=18682"},"modified":"2025-06-20T14:29:39","modified_gmt":"2025-06-20T14:29:39","slug":"tavolina-studimi-ne-shtepi","status":"publish","type":"product","link":"https:\/\/interoffice.al\/en\/product\/tavolina-studimi-ne-shtepi\/","title":{"rendered":"Study table at home"},"content":{"rendered":"<p>Desk set that includes a worktop, integrated shelves and a large drawer at the bottom. The material is quality melamine with a thickness of 18 mm, resistant to moisture and scratches. There is ample space for books, documents and technological equipment. It easily fits into home or office environments. Dimensions and colors are made according to customer requirements.<\/p>","protected":false},"excerpt":{"rendered":"<p>Set tavoline q\u00eb p\u00ebrfshin tavoline pune, rafte t\u00eb integruara dhe nj\u00eb sirtar t\u00eb madh n\u00eb fund. Materiali \u00ebsht\u00eb melamin\u00eb cil\u00ebsore<\/p>","protected":false},"featured_media":18691,"comment_status":"closed","ping_status":"closed","template":"","meta":{"_seopress_robots_primary_cat":"none","_seopress_titles_title":"","_seopress_titles_desc":"","_seopress_robots_index":""},"product_brand":[],"product_cat":[143,135],"product_tag":[],"class_list":{"0":"post-18682","1":"product","2":"type-product","3":"status-publish","4":"has-post-thumbnail","6":"product_cat-mobilje-te-vogla","7":"product_cat-study-tables","9":"first","10":"instock","11":"shipping-taxable","12":"product-type-simple"},"_links":{"self":[{"href":"https:\/\/interoffice.al\/en\/wp-json\/wp\/v2\/product\/18682","targetHints":{"allow":["GET"]}}],"collection":[{"href":"https:\/\/interoffice.al\/en\/wp-json\/wp\/v2\/product"}],"about":[{"href":"https:\/\/interoffice.al\/en\/wp-json\/wp\/v2\/types\/product"}],"replies":[{"embeddable":true,"href":"https:\/\/interoffice.al\/en\/wp-json\/wp\/v2\/comments?post=18682"}],"version-history":[{"count":3,"href":"https:\/\/interoffice.al\/en\/wp-json\/wp\/v2\/product\/18682\/revisions"}],"predecessor-version":[{"id":19305,"href":"https:\/\/interoffice.al\/en\/wp-json\/wp\/v2\/product\/18682\/revisions\/19305"}],"wp:featuredmedia":[{"embeddable":true,"href":"https:\/\/interoffice.al\/en\/wp-json\/wp\/v2\/media\/18691"}],"wp:attachment":[{"href":"https:\/\/interoffice.al\/en\/wp-json\/wp\/v2\/media?parent=18682"}],"wp:term":[{"taxonomy":"product_brand","embeddable":true,"href":"https:\/\/interoffice.al\/en\/wp-json\/wp\/v2\/product_brand?post=18682"},{"taxonomy":"product_cat","embeddable":true,"href":"https:\/\/interoffice.al\/en\/wp-json\/wp\/v2\/product_cat?post=18682"},{"taxonomy":"product_tag","embeddable":true,"href":"https:\/\/interoffice.al\/en\/wp-json\/wp\/v2\/product_tag?post=18682"}],"curies":[{"name":"wp","href":"https:\/\/api.w.org\/{rel}","templated":true}]}}