{"id":18676,"date":"2025-05-08T10:06:00","date_gmt":"2025-05-08T10:06:00","guid":{"rendered":"https:\/\/interoffice.al\/?post_type=product&#038;p=18676"},"modified":"2025-06-20T13:38:54","modified_gmt":"2025-06-20T13:38:54","slug":"dollap-metalik","status":"publish","type":"product","link":"https:\/\/interoffice.al\/en\/product\/dollap-metalik\/","title":{"rendered":"Metal cabinet 92x40x198H"},"content":{"rendered":"<p>This metal bookcase measuring 92 x 40 x 198 cm is designed to bring functionality, durability and aesthetics to any professional, school or administrative environment. Painted with electrostatic paint, it offers a durable, hygienic and easy-to-clean surface with any type of detergent. Its construction structure consists of galvanized sheet metal, 1 to 1.2 mm thick, reinforced with internal metal strips, to guarantee a strong base and durability in daily use. This makes it suitable for storing books, files, documents or other materials that require safe and organized storage. One of the most practical features of this bookcase are the height-adjustable shelves, which are easily adjusted thanks to the movable brackets, offering complete flexibility according to the type and size of the objects being stored. The metal doors are of the flag type that open at 90\u00b0, reinforced on the inside with metal strips. The doors are equipped with a security lock, guaranteeing maximum protection of confidential or valuable materials.<\/p>","protected":false},"excerpt":{"rendered":"<p>Kjo bibliotek\u00eb metalike me p\u00ebrmasa 92 x 40 x 198 cm \u00ebsht\u00eb projektuar p\u00ebr t\u00eb sjell\u00eb funksionalitet, q\u00ebndrueshm\u00ebri dhe estetik\u00eb<\/p>","protected":false},"featured_media":19073,"comment_status":"closed","ping_status":"closed","template":"","meta":{"_seopress_robots_primary_cat":"none","_seopress_titles_title":"","_seopress_titles_desc":"","_seopress_robots_index":""},"product_brand":[],"product_cat":[139,42,119],"product_tag":[],"class_list":{"0":"post-18676","1":"product","2":"type-product","3":"status-publish","4":"has-post-thumbnail","6":"product_cat-dollap-metalik","7":"product_cat-cabinets","8":"product_cat-most-wanted","10":"first","11":"instock","12":"shipping-taxable","13":"product-type-simple"},"_links":{"self":[{"href":"https:\/\/interoffice.al\/en\/wp-json\/wp\/v2\/product\/18676","targetHints":{"allow":["GET"]}}],"collection":[{"href":"https:\/\/interoffice.al\/en\/wp-json\/wp\/v2\/product"}],"about":[{"href":"https:\/\/interoffice.al\/en\/wp-json\/wp\/v2\/types\/product"}],"replies":[{"embeddable":true,"href":"https:\/\/interoffice.al\/en\/wp-json\/wp\/v2\/comments?post=18676"}],"version-history":[{"count":10,"href":"https:\/\/interoffice.al\/en\/wp-json\/wp\/v2\/product\/18676\/revisions"}],"predecessor-version":[{"id":19293,"href":"https:\/\/interoffice.al\/en\/wp-json\/wp\/v2\/product\/18676\/revisions\/19293"}],"wp:featuredmedia":[{"embeddable":true,"href":"https:\/\/interoffice.al\/en\/wp-json\/wp\/v2\/media\/19073"}],"wp:attachment":[{"href":"https:\/\/interoffice.al\/en\/wp-json\/wp\/v2\/media?parent=18676"}],"wp:term":[{"taxonomy":"product_brand","embeddable":true,"href":"https:\/\/interoffice.al\/en\/wp-json\/wp\/v2\/product_brand?post=18676"},{"taxonomy":"product_cat","embeddable":true,"href":"https:\/\/interoffice.al\/en\/wp-json\/wp\/v2\/product_cat?post=18676"},{"taxonomy":"product_tag","embeddable":true,"href":"https:\/\/interoffice.al\/en\/wp-json\/wp\/v2\/product_tag?post=18676"}],"curies":[{"name":"wp","href":"https:\/\/api.w.org\/{rel}","templated":true}]}}