{"id":18661,"date":"2025-05-08T10:03:48","date_gmt":"2025-05-08T10:03:48","guid":{"rendered":"https:\/\/interoffice.al\/?post_type=product&#038;p=18661"},"modified":"2025-06-23T12:33:06","modified_gmt":"2025-06-23T12:33:06","slug":"karteloteke","status":"publish","type":"product","link":"https:\/\/interoffice.al\/en\/product\/karteloteke\/","title":{"rendered":"Card library"},"content":{"rendered":"<p>Modular metal filing cabinet for storing files and cards, with a practical and functional design. Consisting of separate units with deep drawers that slide easily on quality metal rails, allowing quick and safe access to documents. Each drawer includes compartments for easy classification of hanging files or standard cards. The structure is made of galvanized steel with powder coating for maximum resistance to corrosion and wear. Central locking with key for added security. The neutral gray color fits any office or archive environment. Standard dimensions for each module: approximately 45 x 60 x 70 cm. Comes in 4 sizes, with two, three, four and five drawers.<\/p>","protected":false},"excerpt":{"rendered":"<p>Kartelotek\u00eb metalike modulare p\u00ebr ruajtje dosjesh dhe kartelash, me dizajn praktik dhe funksional. E p\u00ebrb\u00ebr\u00eb nga nj\u00ebsi t\u00eb ndara me<\/p>","protected":false},"featured_media":18664,"comment_status":"closed","ping_status":"closed","template":"","meta":{"_seopress_robots_primary_cat":"none","_seopress_titles_title":"","_seopress_titles_desc":"","_seopress_robots_index":""},"product_brand":[],"product_cat":[42,142],"product_tag":[],"class_list":{"0":"post-18661","1":"product","2":"type-product","3":"status-publish","4":"has-post-thumbnail","6":"product_cat-cabinets","7":"product_cat-kartoleke","9":"first","10":"instock","11":"shipping-taxable","12":"product-type-simple"},"_links":{"self":[{"href":"https:\/\/interoffice.al\/en\/wp-json\/wp\/v2\/product\/18661","targetHints":{"allow":["GET"]}}],"collection":[{"href":"https:\/\/interoffice.al\/en\/wp-json\/wp\/v2\/product"}],"about":[{"href":"https:\/\/interoffice.al\/en\/wp-json\/wp\/v2\/types\/product"}],"replies":[{"embeddable":true,"href":"https:\/\/interoffice.al\/en\/wp-json\/wp\/v2\/comments?post=18661"}],"version-history":[{"count":3,"href":"https:\/\/interoffice.al\/en\/wp-json\/wp\/v2\/product\/18661\/revisions"}],"predecessor-version":[{"id":19312,"href":"https:\/\/interoffice.al\/en\/wp-json\/wp\/v2\/product\/18661\/revisions\/19312"}],"wp:featuredmedia":[{"embeddable":true,"href":"https:\/\/interoffice.al\/en\/wp-json\/wp\/v2\/media\/18664"}],"wp:attachment":[{"href":"https:\/\/interoffice.al\/en\/wp-json\/wp\/v2\/media?parent=18661"}],"wp:term":[{"taxonomy":"product_brand","embeddable":true,"href":"https:\/\/interoffice.al\/en\/wp-json\/wp\/v2\/product_brand?post=18661"},{"taxonomy":"product_cat","embeddable":true,"href":"https:\/\/interoffice.al\/en\/wp-json\/wp\/v2\/product_cat?post=18661"},{"taxonomy":"product_tag","embeddable":true,"href":"https:\/\/interoffice.al\/en\/wp-json\/wp\/v2\/product_tag?post=18661"}],"curies":[{"name":"wp","href":"https:\/\/api.w.org\/{rel}","templated":true}]}}