{"id":18617,"date":"2025-05-08T09:44:05","date_gmt":"2025-05-08T09:44:05","guid":{"rendered":"https:\/\/interoffice.al\/?post_type=product&#038;p=18617"},"modified":"2025-06-20T13:45:17","modified_gmt":"2025-06-20T13:45:17","slug":"lito","status":"publish","type":"product","link":"https:\/\/interoffice.al\/en\/product\/lito\/","title":{"rendered":"Flib"},"content":{"rendered":"<p>The Flib table is a functional and elegant solution for work environments such as training, conference or meeting rooms. Designed for maximum flexibility, Flib offers a smart folding system that allows easy storage and movement, saving space without compromising stability or quality. Its surface is made of melamine, 25 mm thick and 2 mm ABS strip. The shape of the surface can be rectangular or semi-oval, adapting to different placement styles. The metal structure is built from \u00d832 mm steel tubes and is supported on four wheels, two of which are with brakes for increased stability. The base is available in a chrome-plated version or in RAL in all colors, to easily combine with interior decor. Flib is particularly practical for dynamic use: the tables can be connected to each other for different configurations thanks to plastic connectors or angular elements.<\/p>","protected":false},"excerpt":{"rendered":"<p>Tavolina Flib \u00ebsht\u00eb nj\u00eb zgjidhje funksionale dhe elegante p\u00ebr ambiente pune si salla trajnimesh, konferencash apo mbledhjesh. E projektuar p\u00ebr<\/p>","protected":false},"featured_media":18620,"comment_status":"closed","ping_status":"closed","template":"","meta":{"_seopress_robots_primary_cat":"none","_seopress_titles_title":"","_seopress_titles_desc":"Tavoline me palosje Lito","_seopress_robots_index":""},"product_brand":[],"product_cat":[133,119,32],"product_tag":[],"class_list":{"0":"post-18617","1":"product","2":"type-product","3":"status-publish","4":"has-post-thumbnail","6":"product_cat-mbledhje","7":"product_cat-most-wanted","8":"product_cat-tables","10":"first","11":"instock","12":"shipping-taxable","13":"product-type-simple"},"_links":{"self":[{"href":"https:\/\/interoffice.al\/en\/wp-json\/wp\/v2\/product\/18617","targetHints":{"allow":["GET"]}}],"collection":[{"href":"https:\/\/interoffice.al\/en\/wp-json\/wp\/v2\/product"}],"about":[{"href":"https:\/\/interoffice.al\/en\/wp-json\/wp\/v2\/types\/product"}],"replies":[{"embeddable":true,"href":"https:\/\/interoffice.al\/en\/wp-json\/wp\/v2\/comments?post=18617"}],"version-history":[{"count":5,"href":"https:\/\/interoffice.al\/en\/wp-json\/wp\/v2\/product\/18617\/revisions"}],"predecessor-version":[{"id":19296,"href":"https:\/\/interoffice.al\/en\/wp-json\/wp\/v2\/product\/18617\/revisions\/19296"}],"wp:featuredmedia":[{"embeddable":true,"href":"https:\/\/interoffice.al\/en\/wp-json\/wp\/v2\/media\/18620"}],"wp:attachment":[{"href":"https:\/\/interoffice.al\/en\/wp-json\/wp\/v2\/media?parent=18617"}],"wp:term":[{"taxonomy":"product_brand","embeddable":true,"href":"https:\/\/interoffice.al\/en\/wp-json\/wp\/v2\/product_brand?post=18617"},{"taxonomy":"product_cat","embeddable":true,"href":"https:\/\/interoffice.al\/en\/wp-json\/wp\/v2\/product_cat?post=18617"},{"taxonomy":"product_tag","embeddable":true,"href":"https:\/\/interoffice.al\/en\/wp-json\/wp\/v2\/product_tag?post=18617"}],"curies":[{"name":"wp","href":"https:\/\/api.w.org\/{rel}","templated":true}]}}