{"id":18611,"date":"2025-05-08T09:42:21","date_gmt":"2025-05-08T09:42:21","guid":{"rendered":"https:\/\/interoffice.al\/?post_type=product&#038;p=18611"},"modified":"2025-06-20T13:33:50","modified_gmt":"2025-06-20T13:33:50","slug":"cross-round","status":"publish","type":"product","link":"https:\/\/interoffice.al\/en\/product\/cross-round\/","title":{"rendered":"Cross round"},"content":{"rendered":"<p>Meeting table with a diameter of 120 cm, ideal for office environments or meeting rooms. The surface is made of 25 mm melamine, which offers resistance to moisture, scratches and stains. It rests on durable metal legs, which ensure stability and durability. The standard height of the table is about 75 cm. The color of the surface can be customized upon request (natural wood, white, gray, etc.). It can easily accommodate 5 people.<\/p>","protected":false},"excerpt":{"rendered":"<p>Tavolin\u00eb mbledhjeje me diamet\u00ebr 120 cm, ideale p\u00ebr ambiente zyre apo salla takimesh. Syprina p\u00ebrb\u00ebhet nga melamine 25 mm, e<\/p>","protected":false},"featured_media":18614,"comment_status":"closed","ping_status":"closed","template":"","meta":{"_seopress_robots_primary_cat":"none","_seopress_titles_title":"","_seopress_titles_desc":"Tavoline mbedhje D = 120 cm","_seopress_robots_index":""},"product_brand":[],"product_cat":[133,32],"product_tag":[],"class_list":{"0":"post-18611","1":"product","2":"type-product","3":"status-publish","4":"has-post-thumbnail","6":"product_cat-mbledhje","7":"product_cat-tables","9":"first","10":"instock","11":"shipping-taxable","12":"product-type-simple"},"_links":{"self":[{"href":"https:\/\/interoffice.al\/en\/wp-json\/wp\/v2\/product\/18611","targetHints":{"allow":["GET"]}}],"collection":[{"href":"https:\/\/interoffice.al\/en\/wp-json\/wp\/v2\/product"}],"about":[{"href":"https:\/\/interoffice.al\/en\/wp-json\/wp\/v2\/types\/product"}],"replies":[{"embeddable":true,"href":"https:\/\/interoffice.al\/en\/wp-json\/wp\/v2\/comments?post=18611"}],"version-history":[{"count":5,"href":"https:\/\/interoffice.al\/en\/wp-json\/wp\/v2\/product\/18611\/revisions"}],"predecessor-version":[{"id":19291,"href":"https:\/\/interoffice.al\/en\/wp-json\/wp\/v2\/product\/18611\/revisions\/19291"}],"wp:featuredmedia":[{"embeddable":true,"href":"https:\/\/interoffice.al\/en\/wp-json\/wp\/v2\/media\/18614"}],"wp:attachment":[{"href":"https:\/\/interoffice.al\/en\/wp-json\/wp\/v2\/media?parent=18611"}],"wp:term":[{"taxonomy":"product_brand","embeddable":true,"href":"https:\/\/interoffice.al\/en\/wp-json\/wp\/v2\/product_brand?post=18611"},{"taxonomy":"product_cat","embeddable":true,"href":"https:\/\/interoffice.al\/en\/wp-json\/wp\/v2\/product_cat?post=18611"},{"taxonomy":"product_tag","embeddable":true,"href":"https:\/\/interoffice.al\/en\/wp-json\/wp\/v2\/product_tag?post=18611"}],"curies":[{"name":"wp","href":"https:\/\/api.w.org\/{rel}","templated":true}]}}