{"id":18606,"date":"2025-05-08T09:40:02","date_gmt":"2025-05-08T09:40:02","guid":{"rendered":"https:\/\/interoffice.al\/?post_type=product&#038;p=18606"},"modified":"2025-06-20T13:41:02","modified_gmt":"2025-06-20T13:41:02","slug":"dolphin-meeting","status":"publish","type":"product","link":"https:\/\/interoffice.al\/en\/product\/dolphin-meeting\/","title":{"rendered":"Dolphin meeting"},"content":{"rendered":"<p>The meeting table consists of two half-arches and two work tables of the Dolphin model. The half-arches have a diameter of 126 cm or 166 cm, depending on the client's requirements. They are supported by a metal column with a diameter of 6 cm and are connected to the rectangular tables through invisible plates, which guarantee a stable and aesthetic connection. The work tables are of the Dolphin model, but other leg models can also be used, according to the client's preference. The overall dimensions of the meeting table are also realized, according to specific requirements, depending on the office space.<\/p>","protected":false},"excerpt":{"rendered":"<p>Tavolina e mbledhjes p\u00ebrb\u00ebhet nga dy gjysm\u00eb-harqe dhe dy tavolina pune t\u00eb modelit Dolphin. Gjysm\u00eb-harqet kan\u00eb nj\u00eb diamet\u00ebr prej 126<\/p>","protected":false},"featured_media":18741,"comment_status":"closed","ping_status":"closed","template":"","meta":{"_seopress_robots_primary_cat":"none","_seopress_titles_title":"","_seopress_titles_desc":"Tavoline mbledhje ovale","_seopress_robots_index":""},"product_brand":[],"product_cat":[133,32],"product_tag":[],"class_list":{"0":"post-18606","1":"product","2":"type-product","3":"status-publish","4":"has-post-thumbnail","6":"product_cat-mbledhje","7":"product_cat-tables","9":"first","10":"instock","11":"shipping-taxable","12":"product-type-simple"},"_links":{"self":[{"href":"https:\/\/interoffice.al\/en\/wp-json\/wp\/v2\/product\/18606","targetHints":{"allow":["GET"]}}],"collection":[{"href":"https:\/\/interoffice.al\/en\/wp-json\/wp\/v2\/product"}],"about":[{"href":"https:\/\/interoffice.al\/en\/wp-json\/wp\/v2\/types\/product"}],"replies":[{"embeddable":true,"href":"https:\/\/interoffice.al\/en\/wp-json\/wp\/v2\/comments?post=18606"}],"version-history":[{"count":4,"href":"https:\/\/interoffice.al\/en\/wp-json\/wp\/v2\/product\/18606\/revisions"}],"predecessor-version":[{"id":19294,"href":"https:\/\/interoffice.al\/en\/wp-json\/wp\/v2\/product\/18606\/revisions\/19294"}],"wp:featuredmedia":[{"embeddable":true,"href":"https:\/\/interoffice.al\/en\/wp-json\/wp\/v2\/media\/18741"}],"wp:attachment":[{"href":"https:\/\/interoffice.al\/en\/wp-json\/wp\/v2\/media?parent=18606"}],"wp:term":[{"taxonomy":"product_brand","embeddable":true,"href":"https:\/\/interoffice.al\/en\/wp-json\/wp\/v2\/product_brand?post=18606"},{"taxonomy":"product_cat","embeddable":true,"href":"https:\/\/interoffice.al\/en\/wp-json\/wp\/v2\/product_cat?post=18606"},{"taxonomy":"product_tag","embeddable":true,"href":"https:\/\/interoffice.al\/en\/wp-json\/wp\/v2\/product_tag?post=18606"}],"curies":[{"name":"wp","href":"https:\/\/api.w.org\/{rel}","templated":true}]}}