{"id":18601,"date":"2025-05-08T09:39:06","date_gmt":"2025-05-08T09:39:06","guid":{"rendered":"https:\/\/interoffice.al\/?post_type=product&#038;p=18601"},"modified":"2025-06-20T14:02:00","modified_gmt":"2025-06-20T14:02:00","slug":"truva-meeting","status":"publish","type":"product","link":"https:\/\/interoffice.al\/en\/product\/truva-meeting\/","title":{"rendered":"Truva meeting"},"content":{"rendered":"<p>The meeting table consists of a rectangular top, legs and a connecting front part, which strengthens the structure by connecting the legs between them. The legs are metal connected to each other with a tubular structure, through which the power and internet sources pass. The dimensions of the table are determined depending on the space and functional needs of the meeting environment. The metal legs are painted with electrostatic paint, which is resistant to scratches and moisture.<\/p>","protected":false},"excerpt":{"rendered":"<p>Tavolina e mbledhjes p\u00ebrb\u00ebhet nga nj\u00eb syprin\u00eb drejtk\u00ebndore, k\u00ebmb\u00ebt dhe nj\u00eb pjes\u00eb ballore lidh\u00ebse, e cila forcon struktur\u00ebn duke lidhur<\/p>","protected":false},"featured_media":18604,"comment_status":"closed","ping_status":"closed","template":"","meta":{"_seopress_robots_primary_cat":"none","_seopress_titles_title":"","_seopress_titles_desc":"Tavoline mbledhje Truva","_seopress_robots_index":""},"product_brand":[],"product_cat":[133,32],"product_tag":[],"class_list":{"0":"post-18601","1":"product","2":"type-product","3":"status-publish","4":"has-post-thumbnail","6":"product_cat-mbledhje","7":"product_cat-tables","9":"first","10":"instock","11":"shipping-taxable","12":"product-type-simple"},"_links":{"self":[{"href":"https:\/\/interoffice.al\/en\/wp-json\/wp\/v2\/product\/18601","targetHints":{"allow":["GET"]}}],"collection":[{"href":"https:\/\/interoffice.al\/en\/wp-json\/wp\/v2\/product"}],"about":[{"href":"https:\/\/interoffice.al\/en\/wp-json\/wp\/v2\/types\/product"}],"replies":[{"embeddable":true,"href":"https:\/\/interoffice.al\/en\/wp-json\/wp\/v2\/comments?post=18601"}],"version-history":[{"count":3,"href":"https:\/\/interoffice.al\/en\/wp-json\/wp\/v2\/product\/18601\/revisions"}],"predecessor-version":[{"id":19302,"href":"https:\/\/interoffice.al\/en\/wp-json\/wp\/v2\/product\/18601\/revisions\/19302"}],"wp:featuredmedia":[{"embeddable":true,"href":"https:\/\/interoffice.al\/en\/wp-json\/wp\/v2\/media\/18604"}],"wp:attachment":[{"href":"https:\/\/interoffice.al\/en\/wp-json\/wp\/v2\/media?parent=18601"}],"wp:term":[{"taxonomy":"product_brand","embeddable":true,"href":"https:\/\/interoffice.al\/en\/wp-json\/wp\/v2\/product_brand?post=18601"},{"taxonomy":"product_cat","embeddable":true,"href":"https:\/\/interoffice.al\/en\/wp-json\/wp\/v2\/product_cat?post=18601"},{"taxonomy":"product_tag","embeddable":true,"href":"https:\/\/interoffice.al\/en\/wp-json\/wp\/v2\/product_tag?post=18601"}],"curies":[{"name":"wp","href":"https:\/\/api.w.org\/{rel}","templated":true}]}}