{"id":18586,"date":"2025-05-08T09:24:31","date_gmt":"2025-05-08T09:24:31","guid":{"rendered":"https:\/\/interoffice.al\/?post_type=product&#038;p=18586"},"modified":"2025-06-23T12:41:39","modified_gmt":"2025-06-23T12:41:39","slug":"niks","status":"publish","type":"product","link":"https:\/\/interoffice.al\/en\/product\/niks\/","title":{"rendered":"Niks"},"content":{"rendered":"<p>The table top is made of 25 mm thick melamine, lined with 2 mm protective P.V.C., which guarantees resistance to wear, moisture and impacts. The color and size of the top are made according to the client's preferences, enabling it to adapt to the visual identity of any office environment. The metal legs are metallic gray and are fixed with a recessed melamine front. The top is placed on this structure. This structure guarantees durability and ease of assembly. The assembly and disassembly of the table is easy thanks to the detachable hinges, which make it easy to move.<\/p>","protected":false},"excerpt":{"rendered":"<p>Syprina e tavolin\u00ebs \u00ebsht\u00eb prej melamine me trash\u00ebsi 25 mm, e shirituar me P.V.C. mbrojt\u00ebse 2 mm, e cila garanton<\/p>","protected":false},"featured_media":18576,"comment_status":"closed","ping_status":"closed","template":"","meta":{"_seopress_robots_primary_cat":"none","_seopress_titles_title":"","_seopress_titles_desc":"Tavoline operative Niks","_seopress_robots_index":""},"product_brand":[],"product_cat":[132,32],"product_tag":[],"class_list":{"0":"post-18586","1":"product","2":"type-product","3":"status-publish","4":"has-post-thumbnail","6":"product_cat-operative","7":"product_cat-tables","9":"first","10":"instock","11":"shipping-taxable","12":"product-type-simple"},"_links":{"self":[{"href":"https:\/\/interoffice.al\/en\/wp-json\/wp\/v2\/product\/18586","targetHints":{"allow":["GET"]}}],"collection":[{"href":"https:\/\/interoffice.al\/en\/wp-json\/wp\/v2\/product"}],"about":[{"href":"https:\/\/interoffice.al\/en\/wp-json\/wp\/v2\/types\/product"}],"replies":[{"embeddable":true,"href":"https:\/\/interoffice.al\/en\/wp-json\/wp\/v2\/comments?post=18586"}],"version-history":[{"count":4,"href":"https:\/\/interoffice.al\/en\/wp-json\/wp\/v2\/product\/18586\/revisions"}],"predecessor-version":[{"id":19313,"href":"https:\/\/interoffice.al\/en\/wp-json\/wp\/v2\/product\/18586\/revisions\/19313"}],"wp:featuredmedia":[{"embeddable":true,"href":"https:\/\/interoffice.al\/en\/wp-json\/wp\/v2\/media\/18576"}],"wp:attachment":[{"href":"https:\/\/interoffice.al\/en\/wp-json\/wp\/v2\/media?parent=18586"}],"wp:term":[{"taxonomy":"product_brand","embeddable":true,"href":"https:\/\/interoffice.al\/en\/wp-json\/wp\/v2\/product_brand?post=18586"},{"taxonomy":"product_cat","embeddable":true,"href":"https:\/\/interoffice.al\/en\/wp-json\/wp\/v2\/product_cat?post=18586"},{"taxonomy":"product_tag","embeddable":true,"href":"https:\/\/interoffice.al\/en\/wp-json\/wp\/v2\/product_tag?post=18586"}],"curies":[{"name":"wp","href":"https:\/\/api.w.org\/{rel}","templated":true}]}}