{"id":18582,"date":"2025-05-08T09:23:47","date_gmt":"2025-05-08T09:23:47","guid":{"rendered":"https:\/\/interoffice.al\/?post_type=product&#038;p=18582"},"modified":"2025-06-23T12:46:16","modified_gmt":"2025-06-23T12:46:16","slug":"rio","status":"publish","type":"product","link":"https:\/\/interoffice.al\/en\/product\/rio\/","title":{"rendered":"Rio"},"content":{"rendered":"<p>The Rio table consists of a top, legs and a front. The material of the legs and top is 25 mm melamine while the front is 18 mm melamine. This is an economical, functional solution and can be used in combinations for shared or separate workstations. A hanging drawer with drawers can be installed, depending on the customer's request.<\/p>","protected":false},"excerpt":{"rendered":"<p>Tavolina Rio p\u00ebrb\u00ebh\u00ebt nga syprina, k\u00ebmb\u00ebt dhe ballorja. Materiali i k\u00ebmb\u00ebve dhe syprin\u00ebs \u00ebsht\u00eb melamin\u00eb 25 mm nd\u00ebrsa ballorja \u00ebsht\u00eb<\/p>","protected":false},"featured_media":18578,"comment_status":"closed","ping_status":"closed","template":"","meta":{"_seopress_robots_primary_cat":"none","_seopress_titles_title":"","_seopress_titles_desc":"Tavoline operative Rio","_seopress_robots_index":""},"product_brand":[],"product_cat":[132,32],"product_tag":[],"class_list":{"0":"post-18582","1":"product","2":"type-product","3":"status-publish","4":"has-post-thumbnail","6":"product_cat-operative","7":"product_cat-tables","9":"first","10":"instock","11":"shipping-taxable","12":"product-type-simple"},"_links":{"self":[{"href":"https:\/\/interoffice.al\/en\/wp-json\/wp\/v2\/product\/18582","targetHints":{"allow":["GET"]}}],"collection":[{"href":"https:\/\/interoffice.al\/en\/wp-json\/wp\/v2\/product"}],"about":[{"href":"https:\/\/interoffice.al\/en\/wp-json\/wp\/v2\/types\/product"}],"replies":[{"embeddable":true,"href":"https:\/\/interoffice.al\/en\/wp-json\/wp\/v2\/comments?post=18582"}],"version-history":[{"count":4,"href":"https:\/\/interoffice.al\/en\/wp-json\/wp\/v2\/product\/18582\/revisions"}],"predecessor-version":[{"id":19314,"href":"https:\/\/interoffice.al\/en\/wp-json\/wp\/v2\/product\/18582\/revisions\/19314"}],"wp:featuredmedia":[{"embeddable":true,"href":"https:\/\/interoffice.al\/en\/wp-json\/wp\/v2\/media\/18578"}],"wp:attachment":[{"href":"https:\/\/interoffice.al\/en\/wp-json\/wp\/v2\/media?parent=18582"}],"wp:term":[{"taxonomy":"product_brand","embeddable":true,"href":"https:\/\/interoffice.al\/en\/wp-json\/wp\/v2\/product_brand?post=18582"},{"taxonomy":"product_cat","embeddable":true,"href":"https:\/\/interoffice.al\/en\/wp-json\/wp\/v2\/product_cat?post=18582"},{"taxonomy":"product_tag","embeddable":true,"href":"https:\/\/interoffice.al\/en\/wp-json\/wp\/v2\/product_tag?post=18582"}],"curies":[{"name":"wp","href":"https:\/\/api.w.org\/{rel}","templated":true}]}}