{"id":18559,"date":"2025-05-08T09:19:23","date_gmt":"2025-05-08T09:19:23","guid":{"rendered":"https:\/\/interoffice.al\/?post_type=product&#038;p=18559"},"modified":"2025-06-20T13:58:29","modified_gmt":"2025-06-20T13:58:29","slug":"uranus","status":"publish","type":"product","link":"https:\/\/interoffice.al\/en\/product\/uranus\/","title":{"rendered":"Uranus"},"content":{"rendered":"<p>The table top is made of 25 mm thick melamine, lined with 2 mm protective P.V.C., which guarantees resistance to wear, moisture and impacts. The color and size of the top is made according to the client's preferences, enabling it to adapt to the visual identity of any office environment. The legs are a combination of metal and wood which are connected to a fixed tubular crossbar. The table is easily assembled and disassembled thanks to the detachable hinges, which make it easy to move.<\/p>","protected":false},"excerpt":{"rendered":"<p>Syprina e tavolin\u00ebs \u00ebsht\u00eb prej melamine me trash\u00ebsi 25 mm, e shirituar me P.V.C. mbrojt\u00ebse 2 mm, e cila garanton<\/p>","protected":false},"featured_media":18549,"comment_status":"closed","ping_status":"closed","template":"","meta":{"_seopress_robots_primary_cat":"none","_seopress_titles_title":"","_seopress_titles_desc":"Tavoline direksionale Uranus","_seopress_robots_index":""},"product_brand":[],"product_cat":[130,32],"product_tag":[],"class_list":{"0":"post-18559","1":"product","2":"type-product","3":"status-publish","4":"has-post-thumbnail","6":"product_cat-direksionale","7":"product_cat-tables","9":"first","10":"instock","11":"shipping-taxable","12":"product-type-simple"},"_links":{"self":[{"href":"https:\/\/interoffice.al\/en\/wp-json\/wp\/v2\/product\/18559","targetHints":{"allow":["GET"]}}],"collection":[{"href":"https:\/\/interoffice.al\/en\/wp-json\/wp\/v2\/product"}],"about":[{"href":"https:\/\/interoffice.al\/en\/wp-json\/wp\/v2\/types\/product"}],"replies":[{"embeddable":true,"href":"https:\/\/interoffice.al\/en\/wp-json\/wp\/v2\/comments?post=18559"}],"version-history":[{"count":4,"href":"https:\/\/interoffice.al\/en\/wp-json\/wp\/v2\/product\/18559\/revisions"}],"predecessor-version":[{"id":19301,"href":"https:\/\/interoffice.al\/en\/wp-json\/wp\/v2\/product\/18559\/revisions\/19301"}],"wp:featuredmedia":[{"embeddable":true,"href":"https:\/\/interoffice.al\/en\/wp-json\/wp\/v2\/media\/18549"}],"wp:attachment":[{"href":"https:\/\/interoffice.al\/en\/wp-json\/wp\/v2\/media?parent=18559"}],"wp:term":[{"taxonomy":"product_brand","embeddable":true,"href":"https:\/\/interoffice.al\/en\/wp-json\/wp\/v2\/product_brand?post=18559"},{"taxonomy":"product_cat","embeddable":true,"href":"https:\/\/interoffice.al\/en\/wp-json\/wp\/v2\/product_cat?post=18559"},{"taxonomy":"product_tag","embeddable":true,"href":"https:\/\/interoffice.al\/en\/wp-json\/wp\/v2\/product_tag?post=18559"}],"curies":[{"name":"wp","href":"https:\/\/api.w.org\/{rel}","templated":true}]}}