{"id":18555,"date":"2025-05-08T09:18:23","date_gmt":"2025-05-08T09:18:23","guid":{"rendered":"https:\/\/interoffice.al\/?post_type=product&#038;p=18555"},"modified":"2025-06-23T12:28:25","modified_gmt":"2025-06-23T12:28:25","slug":"riomax","status":"publish","type":"product","link":"https:\/\/interoffice.al\/en\/product\/riomax\/","title":{"rendered":"RioMax"},"content":{"rendered":"<p>The Riomax desk is an ideal choice for professionals looking for a work environment with modern style and high functionality. The desk is L-shaped and includes an integrated side unit with open and closed spaces for organizing frequently used printed materials. The main horizontal part of the desk offers ample surface area for: PC, laptop, documents and work equipment. The side unit, with visible compartments for files, books and decorative accessories, adds functional and aesthetic character. This makes the desk not only practical, but also a focal point of the environment.<\/p>","protected":false},"excerpt":{"rendered":"<p>Tavolina Riomax\u00a0 \u00ebsht\u00eb nj\u00eb zgjedhje ideale p\u00ebr profesionist\u00ebt q\u00eb k\u00ebrkojn\u00eb nj\u00eb ambient pune me stil modern dhe funksionalitet t\u00eb lart\u00eb.<\/p>","protected":false},"featured_media":18546,"comment_status":"closed","ping_status":"closed","template":"","meta":{"_seopress_robots_primary_cat":"none","_seopress_titles_title":"","_seopress_titles_desc":"Tavoline direksionale RioMax","_seopress_robots_index":""},"product_brand":[],"product_cat":[130,32],"product_tag":[],"class_list":{"0":"post-18555","1":"product","2":"type-product","3":"status-publish","4":"has-post-thumbnail","6":"product_cat-direksionale","7":"product_cat-tables","9":"first","10":"instock","11":"shipping-taxable","12":"product-type-simple"},"_links":{"self":[{"href":"https:\/\/interoffice.al\/en\/wp-json\/wp\/v2\/product\/18555","targetHints":{"allow":["GET"]}}],"collection":[{"href":"https:\/\/interoffice.al\/en\/wp-json\/wp\/v2\/product"}],"about":[{"href":"https:\/\/interoffice.al\/en\/wp-json\/wp\/v2\/types\/product"}],"replies":[{"embeddable":true,"href":"https:\/\/interoffice.al\/en\/wp-json\/wp\/v2\/comments?post=18555"}],"version-history":[{"count":4,"href":"https:\/\/interoffice.al\/en\/wp-json\/wp\/v2\/product\/18555\/revisions"}],"predecessor-version":[{"id":19311,"href":"https:\/\/interoffice.al\/en\/wp-json\/wp\/v2\/product\/18555\/revisions\/19311"}],"wp:featuredmedia":[{"embeddable":true,"href":"https:\/\/interoffice.al\/en\/wp-json\/wp\/v2\/media\/18546"}],"wp:attachment":[{"href":"https:\/\/interoffice.al\/en\/wp-json\/wp\/v2\/media?parent=18555"}],"wp:term":[{"taxonomy":"product_brand","embeddable":true,"href":"https:\/\/interoffice.al\/en\/wp-json\/wp\/v2\/product_brand?post=18555"},{"taxonomy":"product_cat","embeddable":true,"href":"https:\/\/interoffice.al\/en\/wp-json\/wp\/v2\/product_cat?post=18555"},{"taxonomy":"product_tag","embeddable":true,"href":"https:\/\/interoffice.al\/en\/wp-json\/wp\/v2\/product_tag?post=18555"}],"curies":[{"name":"wp","href":"https:\/\/api.w.org\/{rel}","templated":true}]}}