{"id":18539,"date":"2025-05-08T09:16:49","date_gmt":"2025-05-08T09:16:49","guid":{"rendered":"https:\/\/interoffice.al\/?post_type=product&#038;p=18539"},"modified":"2025-06-20T14:04:43","modified_gmt":"2025-06-20T14:04:43","slug":"truva-boss","status":"publish","type":"product","link":"https:\/\/interoffice.al\/en\/product\/truva-boss\/","title":{"rendered":"Truva Boss"},"content":{"rendered":"<p>This is an elegant and functional office set, suitable for modern work environments that require style and efficiency. The set consists of: an angular executive desk, combined with an ergonomic chair. The main part of the desk is made with a dark walnut-colored wooden surface, creating a warm and professional atmosphere. The matte black metal structure gives it an interesting look, while also guaranteeing long-term stability and durability. The desk offers ample work space, divided into two parts: the main part for the computer and daily documents and an attached side part that functions as a chest of drawers with integrated doors and drawers, ideal for storing office materials and confidential documents. This structure allows for efficient organization and keeping the environment always clean and tidy.<\/p>","protected":false},"excerpt":{"rendered":"<p>Ky \u00ebsht\u00eb nj\u00eb set zyre elegant dhe funksional, i p\u00ebrshtatsh\u00ebm p\u00ebr ambientet moderne t\u00eb pun\u00ebs q\u00eb k\u00ebrkojn\u00eb stil dhe efikasitet.<\/p>","protected":false},"featured_media":18544,"comment_status":"closed","ping_status":"closed","template":"","meta":{"_seopress_robots_primary_cat":"none","_seopress_titles_title":"","_seopress_titles_desc":"Tavoline direksionale Truva Boss","_seopress_robots_index":""},"product_brand":[],"product_cat":[130,32],"product_tag":[],"class_list":{"0":"post-18539","1":"product","2":"type-product","3":"status-publish","4":"has-post-thumbnail","6":"product_cat-direksionale","7":"product_cat-tables","9":"first","10":"instock","11":"shipping-taxable","12":"product-type-simple"},"_links":{"self":[{"href":"https:\/\/interoffice.al\/en\/wp-json\/wp\/v2\/product\/18539","targetHints":{"allow":["GET"]}}],"collection":[{"href":"https:\/\/interoffice.al\/en\/wp-json\/wp\/v2\/product"}],"about":[{"href":"https:\/\/interoffice.al\/en\/wp-json\/wp\/v2\/types\/product"}],"replies":[{"embeddable":true,"href":"https:\/\/interoffice.al\/en\/wp-json\/wp\/v2\/comments?post=18539"}],"version-history":[{"count":4,"href":"https:\/\/interoffice.al\/en\/wp-json\/wp\/v2\/product\/18539\/revisions"}],"predecessor-version":[{"id":19303,"href":"https:\/\/interoffice.al\/en\/wp-json\/wp\/v2\/product\/18539\/revisions\/19303"}],"wp:featuredmedia":[{"embeddable":true,"href":"https:\/\/interoffice.al\/en\/wp-json\/wp\/v2\/media\/18544"}],"wp:attachment":[{"href":"https:\/\/interoffice.al\/en\/wp-json\/wp\/v2\/media?parent=18539"}],"wp:term":[{"taxonomy":"product_brand","embeddable":true,"href":"https:\/\/interoffice.al\/en\/wp-json\/wp\/v2\/product_brand?post=18539"},{"taxonomy":"product_cat","embeddable":true,"href":"https:\/\/interoffice.al\/en\/wp-json\/wp\/v2\/product_cat?post=18539"},{"taxonomy":"product_tag","embeddable":true,"href":"https:\/\/interoffice.al\/en\/wp-json\/wp\/v2\/product_tag?post=18539"}],"curies":[{"name":"wp","href":"https:\/\/api.w.org\/{rel}","templated":true}]}}