{"id":18535,"date":"2025-05-08T09:12:35","date_gmt":"2025-05-08T09:12:35","guid":{"rendered":"https:\/\/interoffice.al\/?post_type=product&#038;p=18535"},"modified":"2025-06-24T14:14:45","modified_gmt":"2025-06-24T14:14:45","slug":"task","status":"publish","type":"product","link":"https:\/\/interoffice.al\/en\/product\/task\/","title":{"rendered":"Task"},"content":{"rendered":"<p>The Task chair is used for meetings or receptions. Its body is formed from 8 mm thick curved plywood and two layers of sponge, which ensures durability and ergonomic support. Fully covered with cotton-padded ecological leather, it offers a soft and wear-resistant surface. The arms are made of steel, strong and aesthetically appealing, and are equipped with a thin polypropylene cover that adds comfort when supporting the arms, without compromising the finesse of the design. The overall structure is supported by a chrome-plated metal frame in the shape of a sled, which gives the product not only a modern and professional look, but also long-term durability. Thanks to its strong composition, this chair can withstand a maximum weight of up to 120 kg.<\/p>","protected":false},"excerpt":{"rendered":"<p>Karrigia Task perdoret p\u00ebr mbledhje ose pritjeje. Trupi i saj \u00ebsht\u00eb formuar nga kompensat\u00eb e kurbuar me trash\u00ebsi 8 mm<\/p>","protected":false},"featured_media":19329,"comment_status":"closed","ping_status":"closed","template":"","meta":{"_seopress_robots_primary_cat":"none","_seopress_titles_title":"","_seopress_titles_desc":"","_seopress_robots_index":""},"product_brand":[],"product_cat":[137,20],"product_tag":[],"class_list":{"0":"post-18535","1":"product","2":"type-product","3":"status-publish","4":"has-post-thumbnail","6":"product_cat-fixed","7":"product_cat-chairs","9":"first","10":"instock","11":"shipping-taxable","12":"product-type-simple"},"_links":{"self":[{"href":"https:\/\/interoffice.al\/en\/wp-json\/wp\/v2\/product\/18535","targetHints":{"allow":["GET"]}}],"collection":[{"href":"https:\/\/interoffice.al\/en\/wp-json\/wp\/v2\/product"}],"about":[{"href":"https:\/\/interoffice.al\/en\/wp-json\/wp\/v2\/types\/product"}],"replies":[{"embeddable":true,"href":"https:\/\/interoffice.al\/en\/wp-json\/wp\/v2\/comments?post=18535"}],"version-history":[{"count":4,"href":"https:\/\/interoffice.al\/en\/wp-json\/wp\/v2\/product\/18535\/revisions"}],"predecessor-version":[{"id":19307,"href":"https:\/\/interoffice.al\/en\/wp-json\/wp\/v2\/product\/18535\/revisions\/19307"}],"wp:featuredmedia":[{"embeddable":true,"href":"https:\/\/interoffice.al\/en\/wp-json\/wp\/v2\/media\/19329"}],"wp:attachment":[{"href":"https:\/\/interoffice.al\/en\/wp-json\/wp\/v2\/media?parent=18535"}],"wp:term":[{"taxonomy":"product_brand","embeddable":true,"href":"https:\/\/interoffice.al\/en\/wp-json\/wp\/v2\/product_brand?post=18535"},{"taxonomy":"product_cat","embeddable":true,"href":"https:\/\/interoffice.al\/en\/wp-json\/wp\/v2\/product_cat?post=18535"},{"taxonomy":"product_tag","embeddable":true,"href":"https:\/\/interoffice.al\/en\/wp-json\/wp\/v2\/product_tag?post=18535"}],"curies":[{"name":"wp","href":"https:\/\/api.w.org\/{rel}","templated":true}]}}