{"id":18527,"date":"2025-05-08T09:10:05","date_gmt":"2025-05-08T09:10:05","guid":{"rendered":"https:\/\/interoffice.al\/?post_type=product&#038;p=18527"},"modified":"2025-06-20T15:20:43","modified_gmt":"2025-06-20T15:20:43","slug":"rumba","status":"publish","type":"product","link":"https:\/\/interoffice.al\/en\/product\/rumba\/","title":{"rendered":"Rumba"},"content":{"rendered":"<p>The Rumba chair is used for meetings or receptions. Its body is formed from 8 mm thick, two-layer curved plywood, which ensures durability and ergonomic support. Fully covered with cotton-padded ecological leather, it offers a soft and wear-resistant surface. The arms are made of steel, strong and aesthetically appealing, and are equipped with upholstery covers with the same material as the chair body. The overall structure is supported by a chrome-plated metal frame in the shape of a sled, which gives the product not only a modern and professional look, but also long-term durability. This chair can withstand a maximum weight of up to 120 kg. The backrest of the chair allows for a slight bend that facilitates the person's orthopedic posture.<\/p>","protected":false},"excerpt":{"rendered":"<p>Karrigia Rumba p\u00ebrdoret p\u00ebr mbledhje ose pritjeje. Trupi i saj \u00ebsht\u00eb formuar nga kompensat\u00eb e kurbuar me trash\u00ebsi 8 mm<\/p>","protected":false},"featured_media":18522,"comment_status":"closed","ping_status":"closed","template":"","meta":{"_seopress_robots_primary_cat":"none","_seopress_titles_title":"","_seopress_titles_desc":"Karrige fikse Rumba","_seopress_robots_index":""},"product_brand":[],"product_cat":[137,20],"product_tag":[],"class_list":{"0":"post-18527","1":"product","2":"type-product","3":"status-publish","4":"has-post-thumbnail","6":"product_cat-fixed","7":"product_cat-chairs","9":"first","10":"instock","11":"shipping-taxable","12":"product-type-simple"},"_links":{"self":[{"href":"https:\/\/interoffice.al\/en\/wp-json\/wp\/v2\/product\/18527","targetHints":{"allow":["GET"]}}],"collection":[{"href":"https:\/\/interoffice.al\/en\/wp-json\/wp\/v2\/product"}],"about":[{"href":"https:\/\/interoffice.al\/en\/wp-json\/wp\/v2\/types\/product"}],"replies":[{"embeddable":true,"href":"https:\/\/interoffice.al\/en\/wp-json\/wp\/v2\/comments?post=18527"}],"version-history":[{"count":5,"href":"https:\/\/interoffice.al\/en\/wp-json\/wp\/v2\/product\/18527\/revisions"}],"predecessor-version":[{"id":19310,"href":"https:\/\/interoffice.al\/en\/wp-json\/wp\/v2\/product\/18527\/revisions\/19310"}],"wp:featuredmedia":[{"embeddable":true,"href":"https:\/\/interoffice.al\/en\/wp-json\/wp\/v2\/media\/18522"}],"wp:attachment":[{"href":"https:\/\/interoffice.al\/en\/wp-json\/wp\/v2\/media?parent=18527"}],"wp:term":[{"taxonomy":"product_brand","embeddable":true,"href":"https:\/\/interoffice.al\/en\/wp-json\/wp\/v2\/product_brand?post=18527"},{"taxonomy":"product_cat","embeddable":true,"href":"https:\/\/interoffice.al\/en\/wp-json\/wp\/v2\/product_cat?post=18527"},{"taxonomy":"product_tag","embeddable":true,"href":"https:\/\/interoffice.al\/en\/wp-json\/wp\/v2\/product_tag?post=18527"}],"curies":[{"name":"wp","href":"https:\/\/api.w.org\/{rel}","templated":true}]}}