{"id":18506,"date":"2025-05-08T08:56:49","date_gmt":"2025-05-08T08:56:49","guid":{"rendered":"https:\/\/interoffice.al\/?post_type=product&#038;p=18506"},"modified":"2025-06-24T14:25:13","modified_gmt":"2025-06-24T14:25:13","slug":"paredes","status":"publish","type":"product","link":"https:\/\/interoffice.al\/en\/product\/paredes\/","title":{"rendered":"Paredes"},"content":{"rendered":"<p>The Paredes chair is equipped with a Tilt mechanism with the possibility of fixing the backrest in 5 positions. By means of a lever and a spring, it can be fixed in the working position or in a rocking position for relaxation. The strength of the rocking movement is adjustable with a screw through the spring, adapting it to individual weight and preference. The seat height is adjustable up to 9.5 cm, allowing adaptation to any table height. The arms are T-shaped and adjustable in height, providing comfortable support. The star-shaped reinforced polypropylene base ensures high stability and durability. The double-sided nylon wheels and steel studs allow easy movement and are also recommended for parquet. The diameter of the base is 66 cm. The chair is equipped with a gas and oil pump with SUSPA technology, which guarantees smooth lifting and durability. The maximum weight capacity this chair can handle is up to 100 kg.<\/p>","protected":false},"excerpt":{"rendered":"<p>Karrigia Paredes \u00ebsht\u00eb e pajisur me nj\u00eb mekaniz\u00ebm t\u00eb tipit Tilt me mund\u00ebsin\u00eb e fiksimit n\u00eb 5 pozicione t\u00eb shpinores.<\/p>","protected":false},"featured_media":18502,"comment_status":"closed","ping_status":"closed","template":"","meta":{"_seopress_robots_primary_cat":"none","_seopress_titles_title":"","_seopress_titles_desc":"","_seopress_robots_index":""},"product_brand":[],"product_cat":[20,119,118],"product_tag":[],"class_list":{"0":"post-18506","1":"product","2":"type-product","3":"status-publish","4":"has-post-thumbnail","6":"product_cat-chairs","7":"product_cat-most-wanted","8":"product_cat-operacional","10":"first","11":"instock","12":"shipping-taxable","13":"product-type-simple"},"_links":{"self":[{"href":"https:\/\/interoffice.al\/en\/wp-json\/wp\/v2\/product\/18506","targetHints":{"allow":["GET"]}}],"collection":[{"href":"https:\/\/interoffice.al\/en\/wp-json\/wp\/v2\/product"}],"about":[{"href":"https:\/\/interoffice.al\/en\/wp-json\/wp\/v2\/types\/product"}],"replies":[{"embeddable":true,"href":"https:\/\/interoffice.al\/en\/wp-json\/wp\/v2\/comments?post=18506"}],"version-history":[{"count":5,"href":"https:\/\/interoffice.al\/en\/wp-json\/wp\/v2\/product\/18506\/revisions"}],"predecessor-version":[{"id":19318,"href":"https:\/\/interoffice.al\/en\/wp-json\/wp\/v2\/product\/18506\/revisions\/19318"}],"wp:featuredmedia":[{"embeddable":true,"href":"https:\/\/interoffice.al\/en\/wp-json\/wp\/v2\/media\/18502"}],"wp:attachment":[{"href":"https:\/\/interoffice.al\/en\/wp-json\/wp\/v2\/media?parent=18506"}],"wp:term":[{"taxonomy":"product_brand","embeddable":true,"href":"https:\/\/interoffice.al\/en\/wp-json\/wp\/v2\/product_brand?post=18506"},{"taxonomy":"product_cat","embeddable":true,"href":"https:\/\/interoffice.al\/en\/wp-json\/wp\/v2\/product_cat?post=18506"},{"taxonomy":"product_tag","embeddable":true,"href":"https:\/\/interoffice.al\/en\/wp-json\/wp\/v2\/product_tag?post=18506"}],"curies":[{"name":"wp","href":"https:\/\/api.w.org\/{rel}","templated":true}]}}