{"id":18495,"date":"2025-05-08T08:55:38","date_gmt":"2025-05-08T08:55:38","guid":{"rendered":"https:\/\/interoffice.al\/?post_type=product&#038;p=18495"},"modified":"2025-06-20T13:50:04","modified_gmt":"2025-06-20T13:50:04","slug":"hit","status":"publish","type":"product","link":"https:\/\/interoffice.al\/en\/product\/hit\/","title":{"rendered":"Hit"},"content":{"rendered":"<p>The Hit chair is equipped with a mechanism of the type <em>Tilt<\/em>, which offers dual functionality for maximum comfort while working. By means of a lever and a spring, it can be fixed in the working position or in a rocking position for relaxation. The strength of the rocking movement is adjustable with a screw through the spring, adapting it to individual weight and preference. The seat height is adjustable up to 9.5 cm, allowing adjustment to any table height. The arms are made of polypropylene material and connected to a steel tube, providing comfortable support. The star-shaped metal base ensures high stability and durability, while the nylon wheels allow movement in any direction. The chair is equipped with a gas and oil pump with SUSPA technology, which guarantees smooth lifting. The diameter of the base is 66 cm. The maximum weight capacity that this chair can withstand is up to 120 kg.<\/p>","protected":false},"excerpt":{"rendered":"<p>Karrigia Hit \u00ebsht\u00eb e pajisur me nj\u00eb mekaniz\u00ebm t\u00eb tipit Tilt, q\u00eb ofron funksionalitet t\u00eb dyfisht\u00eb p\u00ebr komoditet maksimal gjat\u00eb<\/p>","protected":false},"featured_media":18501,"comment_status":"closed","ping_status":"closed","template":"","meta":{"_seopress_robots_primary_cat":"none","_seopress_titles_title":"","_seopress_titles_desc":"Karrige operative Hit","_seopress_robots_index":""},"product_brand":[],"product_cat":[20,118],"product_tag":[],"class_list":{"0":"post-18495","1":"product","2":"type-product","3":"status-publish","4":"has-post-thumbnail","6":"product_cat-chairs","7":"product_cat-operacional","9":"first","10":"instock","11":"shipping-taxable","12":"product-type-simple"},"_links":{"self":[{"href":"https:\/\/interoffice.al\/en\/wp-json\/wp\/v2\/product\/18495","targetHints":{"allow":["GET"]}}],"collection":[{"href":"https:\/\/interoffice.al\/en\/wp-json\/wp\/v2\/product"}],"about":[{"href":"https:\/\/interoffice.al\/en\/wp-json\/wp\/v2\/types\/product"}],"replies":[{"embeddable":true,"href":"https:\/\/interoffice.al\/en\/wp-json\/wp\/v2\/comments?post=18495"}],"version-history":[{"count":4,"href":"https:\/\/interoffice.al\/en\/wp-json\/wp\/v2\/product\/18495\/revisions"}],"predecessor-version":[{"id":19298,"href":"https:\/\/interoffice.al\/en\/wp-json\/wp\/v2\/product\/18495\/revisions\/19298"}],"wp:featuredmedia":[{"embeddable":true,"href":"https:\/\/interoffice.al\/en\/wp-json\/wp\/v2\/media\/18501"}],"wp:attachment":[{"href":"https:\/\/interoffice.al\/en\/wp-json\/wp\/v2\/media?parent=18495"}],"wp:term":[{"taxonomy":"product_brand","embeddable":true,"href":"https:\/\/interoffice.al\/en\/wp-json\/wp\/v2\/product_brand?post=18495"},{"taxonomy":"product_cat","embeddable":true,"href":"https:\/\/interoffice.al\/en\/wp-json\/wp\/v2\/product_cat?post=18495"},{"taxonomy":"product_tag","embeddable":true,"href":"https:\/\/interoffice.al\/en\/wp-json\/wp\/v2\/product_tag?post=18495"}],"curies":[{"name":"wp","href":"https:\/\/api.w.org\/{rel}","templated":true}]}}