{"id":18487,"date":"2025-05-08T08:53:04","date_gmt":"2025-05-08T08:53:04","guid":{"rendered":"https:\/\/interoffice.al\/?post_type=product&#038;p=18487"},"modified":"2025-06-20T14:34:55","modified_gmt":"2025-06-20T14:34:55","slug":"santo","status":"publish","type":"product","link":"https:\/\/interoffice.al\/en\/product\/santo\/","title":{"rendered":"Santo"},"content":{"rendered":"<p>The Santo chair combines functionality and comfort for an optimal working experience. Equipped with a Tilt mechanism, it offers two practical functions: it can be fixed in the working position or left in a rocking position for relaxation. The strength of the rocking movement is easily adjusted via a spring screw, adapting to weight and personal preferences. The seat height is adjustable up to 9.5 cm via a gas and oil pump with SUSPA technology, enabling adaptation to any table height. The arms are made of polypropylene, offering stable and comfortable support. The backrest is made of plastic mesh that promotes ventilation, while the seat is upholstered with memory material and covered with a highly resistant fabric. The base of the chair is plastic, star-shaped, with a diameter of 75 cm, while the double-sided nylon wheels enable easy and stable movement on any surface. The load capacity is up to 120 kg.<\/p>","protected":false},"excerpt":{"rendered":"<p>Karrigia Santo kombinon funksionalitetin dhe komoditetin p\u00ebr nj\u00eb p\u00ebrvoj\u00eb optimale gjat\u00eb pun\u00ebs. E pajisur me mekaniz\u00ebm t\u00eb tipit Tilt, ajo<\/p>","protected":false},"featured_media":18484,"comment_status":"closed","ping_status":"closed","template":"","meta":{"_seopress_robots_primary_cat":"none","_seopress_titles_title":"","_seopress_titles_desc":"Karrige menazheriale Santo","_seopress_robots_index":""},"product_brand":[],"product_cat":[20,121],"product_tag":[],"class_list":{"0":"post-18487","1":"product","2":"type-product","3":"status-publish","4":"has-post-thumbnail","6":"product_cat-chairs","7":"product_cat-managerial","9":"first","10":"instock","11":"shipping-taxable","12":"product-type-simple"},"_links":{"self":[{"href":"https:\/\/interoffice.al\/en\/wp-json\/wp\/v2\/product\/18487","targetHints":{"allow":["GET"]}}],"collection":[{"href":"https:\/\/interoffice.al\/en\/wp-json\/wp\/v2\/product"}],"about":[{"href":"https:\/\/interoffice.al\/en\/wp-json\/wp\/v2\/types\/product"}],"replies":[{"embeddable":true,"href":"https:\/\/interoffice.al\/en\/wp-json\/wp\/v2\/comments?post=18487"}],"version-history":[{"count":6,"href":"https:\/\/interoffice.al\/en\/wp-json\/wp\/v2\/product\/18487\/revisions"}],"predecessor-version":[{"id":19308,"href":"https:\/\/interoffice.al\/en\/wp-json\/wp\/v2\/product\/18487\/revisions\/19308"}],"wp:featuredmedia":[{"embeddable":true,"href":"https:\/\/interoffice.al\/en\/wp-json\/wp\/v2\/media\/18484"}],"wp:attachment":[{"href":"https:\/\/interoffice.al\/en\/wp-json\/wp\/v2\/media?parent=18487"}],"wp:term":[{"taxonomy":"product_brand","embeddable":true,"href":"https:\/\/interoffice.al\/en\/wp-json\/wp\/v2\/product_brand?post=18487"},{"taxonomy":"product_cat","embeddable":true,"href":"https:\/\/interoffice.al\/en\/wp-json\/wp\/v2\/product_cat?post=18487"},{"taxonomy":"product_tag","embeddable":true,"href":"https:\/\/interoffice.al\/en\/wp-json\/wp\/v2\/product_tag?post=18487"}],"curies":[{"name":"wp","href":"https:\/\/api.w.org\/{rel}","templated":true}]}}