{"id":18473,"date":"2025-05-08T08:52:08","date_gmt":"2025-05-08T08:52:08","guid":{"rendered":"https:\/\/interoffice.al\/?post_type=product&#038;p=18473"},"modified":"2025-06-20T13:56:22","modified_gmt":"2025-06-20T13:56:22","slug":"valdez","status":"publish","type":"product","link":"https:\/\/interoffice.al\/en\/product\/valdez\/","title":{"rendered":"Valdez"},"content":{"rendered":"<p>The Valdez chair is equipped with a mechanism of the type <em>Tilt<\/em>, which offers functionality and comfort during long hours of work. By means of a lever and a spring, it can be fixed in the working position or in a rocking position for relaxation. The seat height is adjustable up to 9.5 cm, due to the use of a gas and oil pump with SUSPA technology. The arms are made of polypropylene material, providing comfortable support. The star-shaped plastic base ensures high stability and durability, the diameter of the base is 74 cm. The maximum weight capacity that this chair can withstand is up to 120 kg.<\/p>","protected":false},"excerpt":{"rendered":"<p>Karrigia Valdez \u00ebsht\u00eb e pajisur me nj\u00eb mekaniz\u00ebm t\u00eb tipit Tilt, q\u00eb ofron funksionalitet dhe komoditet gjat\u00eb pun\u00ebs me ore<\/p>","protected":false},"featured_media":18485,"comment_status":"closed","ping_status":"closed","template":"","meta":{"_seopress_robots_primary_cat":"none","_seopress_titles_title":"","_seopress_titles_desc":"Karrige menaxheriale Valdez","_seopress_robots_index":""},"product_brand":[],"product_cat":[20,121],"product_tag":[],"class_list":{"0":"post-18473","1":"product","2":"type-product","3":"status-publish","4":"has-post-thumbnail","6":"product_cat-chairs","7":"product_cat-managerial","9":"first","10":"instock","11":"shipping-taxable","12":"product-type-simple"},"_links":{"self":[{"href":"https:\/\/interoffice.al\/en\/wp-json\/wp\/v2\/product\/18473","targetHints":{"allow":["GET"]}}],"collection":[{"href":"https:\/\/interoffice.al\/en\/wp-json\/wp\/v2\/product"}],"about":[{"href":"https:\/\/interoffice.al\/en\/wp-json\/wp\/v2\/types\/product"}],"replies":[{"embeddable":true,"href":"https:\/\/interoffice.al\/en\/wp-json\/wp\/v2\/comments?post=18473"}],"version-history":[{"count":6,"href":"https:\/\/interoffice.al\/en\/wp-json\/wp\/v2\/product\/18473\/revisions"}],"predecessor-version":[{"id":19300,"href":"https:\/\/interoffice.al\/en\/wp-json\/wp\/v2\/product\/18473\/revisions\/19300"}],"wp:featuredmedia":[{"embeddable":true,"href":"https:\/\/interoffice.al\/en\/wp-json\/wp\/v2\/media\/18485"}],"wp:attachment":[{"href":"https:\/\/interoffice.al\/en\/wp-json\/wp\/v2\/media?parent=18473"}],"wp:term":[{"taxonomy":"product_brand","embeddable":true,"href":"https:\/\/interoffice.al\/en\/wp-json\/wp\/v2\/product_brand?post=18473"},{"taxonomy":"product_cat","embeddable":true,"href":"https:\/\/interoffice.al\/en\/wp-json\/wp\/v2\/product_cat?post=18473"},{"taxonomy":"product_tag","embeddable":true,"href":"https:\/\/interoffice.al\/en\/wp-json\/wp\/v2\/product_tag?post=18473"}],"curies":[{"name":"wp","href":"https:\/\/api.w.org\/{rel}","templated":true}]}}