{"id":18465,"date":"2025-05-08T08:40:25","date_gmt":"2025-05-08T08:40:25","guid":{"rendered":"https:\/\/interoffice.al\/?post_type=product&#038;p=18465"},"modified":"2025-06-23T13:19:12","modified_gmt":"2025-06-23T13:19:12","slug":"menager","status":"publish","type":"product","link":"https:\/\/interoffice.al\/en\/product\/menager\/","title":{"rendered":"Menager"},"content":{"rendered":"<p>The Menager chair is a combination of elegant design and ergonomic functionality. The seat and backrest are covered with cotton-padded ecological leather, which allows natural ventilation of the material and high resistance up to 50,000 frictions. Their filling is made with 6000 density foam, which guarantees comfort and long durability. The internal structure is built with curved plywood, completely covered with the same quality material. The mechanism <em>Tilt<\/em> with a lever and spring gives the user the option to fix the chair in the working position or to leave it in free swing for relaxation. The strength of the swing movement is individually adjusted via a spring screw. The seat height is adjustable up to 9 cm thanks to a gas and oil pump with SUSPA technology. The arms are equipped with polypropylene covers for comfortable support. The base is made of black nylon in a star shape, with double reinforced beams that increase stability. The diameter of the base is 68 cm. The double-sided nylon wheels and steel studs enable easy and stable movement on any surface. The maximum load capacity is 120 kg.<\/p>","protected":false},"excerpt":{"rendered":"<p>Karrigia Menager \u00ebsht\u00eb nj\u00eb nd\u00ebrthurje e dizainit elegant dhe funksionalitetit ergonomik. Ndenj\u00ebsja dhe shpinorja jan\u00eb t\u00eb veshura me l\u00ebkur\u00eb ekologjike<\/p>","protected":false},"featured_media":18461,"comment_status":"closed","ping_status":"closed","template":"","meta":{"_seopress_robots_primary_cat":"none","_seopress_titles_title":"","_seopress_titles_desc":"Karrige direksionale Menager","_seopress_robots_index":""},"product_brand":[],"product_cat":[117,20],"product_tag":[],"class_list":{"0":"post-18465","1":"product","2":"type-product","3":"status-publish","4":"has-post-thumbnail","6":"product_cat-directional","7":"product_cat-chairs","9":"first","10":"instock","11":"shipping-taxable","12":"product-type-simple"},"_links":{"self":[{"href":"https:\/\/interoffice.al\/en\/wp-json\/wp\/v2\/product\/18465","targetHints":{"allow":["GET"]}}],"collection":[{"href":"https:\/\/interoffice.al\/en\/wp-json\/wp\/v2\/product"}],"about":[{"href":"https:\/\/interoffice.al\/en\/wp-json\/wp\/v2\/types\/product"}],"replies":[{"embeddable":true,"href":"https:\/\/interoffice.al\/en\/wp-json\/wp\/v2\/comments?post=18465"}],"version-history":[{"count":5,"href":"https:\/\/interoffice.al\/en\/wp-json\/wp\/v2\/product\/18465\/revisions"}],"predecessor-version":[{"id":19319,"href":"https:\/\/interoffice.al\/en\/wp-json\/wp\/v2\/product\/18465\/revisions\/19319"}],"wp:featuredmedia":[{"embeddable":true,"href":"https:\/\/interoffice.al\/en\/wp-json\/wp\/v2\/media\/18461"}],"wp:attachment":[{"href":"https:\/\/interoffice.al\/en\/wp-json\/wp\/v2\/media?parent=18465"}],"wp:term":[{"taxonomy":"product_brand","embeddable":true,"href":"https:\/\/interoffice.al\/en\/wp-json\/wp\/v2\/product_brand?post=18465"},{"taxonomy":"product_cat","embeddable":true,"href":"https:\/\/interoffice.al\/en\/wp-json\/wp\/v2\/product_cat?post=18465"},{"taxonomy":"product_tag","embeddable":true,"href":"https:\/\/interoffice.al\/en\/wp-json\/wp\/v2\/product_tag?post=18465"}],"curies":[{"name":"wp","href":"https:\/\/api.w.org\/{rel}","templated":true}]}}