{"id":18143,"date":"2025-01-28T21:30:43","date_gmt":"2025-01-28T21:30:43","guid":{"rendered":"https:\/\/interoffice.al\/v2\/product\/saturn-copy\/"},"modified":"2025-05-31T09:15:19","modified_gmt":"2025-05-31T09:15:19","slug":"meeting-table","status":"publish","type":"product","link":"https:\/\/interoffice.al\/en\/product\/meeting-table\/","title":{"rendered":"Meeting table 240x120x75"},"content":{"rendered":"<div data-elementor-type=\"product-post\" data-elementor-id=\"18143\" class=\"elementor elementor-18143\" data-elementor-post-type=\"product\">\n\t\t\t\t<div class=\"elementor-element elementor-element-807b476 e-flex e-con-boxed wd-section-disabled e-con e-parent\" data-id=\"807b476\" data-element_type=\"container\">\n\t\t\t\t\t<div class=\"e-con-inner\">\n\t\t<div class=\"elementor-element elementor-element-bc2982d e-con-full e-flex wd-section-disabled e-con e-child\" data-id=\"bc2982d\" data-element_type=\"container\">\n\t\t\t\t<div class=\"elementor-element elementor-element-55f69fc elementor-widget elementor-widget-wd_text_block\" data-id=\"55f69fc\" data-element_type=\"widget\" data-widget_type=\"wd_text_block.default\">\n\t\t\t\t<div class=\"elementor-widget-container\">\n\t\t\t\t\t\t\t<div class=\"wd-text-block reset-last-child text-left\">\n\t\t\t\n\t\t\t<p>The meeting table consists of a monoblock top, legs and a connecting front part, which strengthens the structure by connecting the legs between them. The legs are melamine, but at the client's request, they can be replaced with other models, to respect the interior style of the space. The dimensions of the table are determined depending on the space and functional needs of the meeting environment. The solution of the monoblock top guarantees a continuous work surface without interruption, adding elegance and ease of maintenance.<\/p>\n\t\t\t\t\t<\/div>\n\t\t\t\t\t\t<\/div>\n\t\t\t\t<\/div>\n\t\t\t\t<\/div>\n\t\t\t\t\t<\/div>\n\t\t\t\t<\/div>\n\t\t\t\t<\/div>","protected":false},"excerpt":{"rendered":"<p>Tavolina e mbledhjes p\u00ebrb\u00ebhet nga nj\u00eb suprin\u00eb monobllok, k\u00ebmb\u00ebt dhe nj\u00eb pjes\u00eb ballore lidh\u00ebse, e cila forcon struktur\u00ebn duke lidhur<\/p>","protected":false},"featured_media":18144,"comment_status":"closed","ping_status":"closed","template":"","meta":{"_seopress_robots_primary_cat":"none","_seopress_titles_title":"","_seopress_titles_desc":"","_seopress_robots_index":""},"product_brand":[],"product_cat":[133,32],"product_tag":[],"class_list":{"0":"post-18143","1":"product","2":"type-product","3":"status-publish","4":"has-post-thumbnail","6":"product_cat-mbledhje","7":"product_cat-tables","9":"first","10":"instock","11":"shipping-taxable","12":"product-type-simple"},"_links":{"self":[{"href":"https:\/\/interoffice.al\/en\/wp-json\/wp\/v2\/product\/18143","targetHints":{"allow":["GET"]}}],"collection":[{"href":"https:\/\/interoffice.al\/en\/wp-json\/wp\/v2\/product"}],"about":[{"href":"https:\/\/interoffice.al\/en\/wp-json\/wp\/v2\/types\/product"}],"replies":[{"embeddable":true,"href":"https:\/\/interoffice.al\/en\/wp-json\/wp\/v2\/comments?post=18143"}],"version-history":[{"count":11,"href":"https:\/\/interoffice.al\/en\/wp-json\/wp\/v2\/product\/18143\/revisions"}],"predecessor-version":[{"id":19183,"href":"https:\/\/interoffice.al\/en\/wp-json\/wp\/v2\/product\/18143\/revisions\/19183"}],"wp:featuredmedia":[{"embeddable":true,"href":"https:\/\/interoffice.al\/en\/wp-json\/wp\/v2\/media\/18144"}],"wp:attachment":[{"href":"https:\/\/interoffice.al\/en\/wp-json\/wp\/v2\/media?parent=18143"}],"wp:term":[{"taxonomy":"product_brand","embeddable":true,"href":"https:\/\/interoffice.al\/en\/wp-json\/wp\/v2\/product_brand?post=18143"},{"taxonomy":"product_cat","embeddable":true,"href":"https:\/\/interoffice.al\/en\/wp-json\/wp\/v2\/product_cat?post=18143"},{"taxonomy":"product_tag","embeddable":true,"href":"https:\/\/interoffice.al\/en\/wp-json\/wp\/v2\/product_tag?post=18143"}],"curies":[{"name":"wp","href":"https:\/\/api.w.org\/{rel}","templated":true}]}}